{"id":11327,"date":"2024-09-12T12:25:28","date_gmt":"2024-09-12T10:25:28","guid":{"rendered":"https:\/\/teambha.cz\/?page_id=11327"},"modified":"2025-01-16T15:00:43","modified_gmt":"2025-01-16T14:00:43","slug":"jednodenni-kempy-rozdeleni","status":"publish","type":"page","link":"https:\/\/www.teambha.cz\/en\/jednodenni-kempy-rozdeleni\/","title":{"rendered":"Jednodenn\u00ed kempy rozd\u011blen\u00ed"},"content":{"rendered":"<div data-elementor-type=\"wp-page\" data-elementor-id=\"11327\" class=\"elementor elementor-11327\" data-elementor-post-type=\"page\">\n\t\t\t\t\t\t<section class=\"elementor-section elementor-top-section elementor-element elementor-element-7b854620 elementor-section-boxed elementor-section-height-default elementor-section-height-default\" data-id=\"7b854620\" data-element_type=\"section\" data-e-type=\"section\" data-settings=\"{&quot;background_background&quot;:&quot;classic&quot;}\">\n\t\t\t\t\t\t\t<div class=\"elementor-background-overlay\"><\/div>\n\t\t\t\t\t\t\t<div class=\"elementor-container elementor-column-gap-default\">\n\t\t\t\t\t<div class=\"elementor-column elementor-col-100 elementor-top-column elementor-element elementor-element-6edaa1e0\" data-id=\"6edaa1e0\" data-element_type=\"column\" data-e-type=\"column\">\n\t\t\t<div class=\"elementor-widget-wrap elementor-element-populated\">\n\t\t\t\t\t\t<div class=\"elementor-element elementor-element-712f5cc elementor-widget elementor-widget-image\" data-id=\"712f5cc\" data-element_type=\"widget\" data-e-type=\"widget\" data-widget_type=\"image.default\">\n\t\t\t\t<div class=\"elementor-widget-container\">\n\t\t\t\t\t\t\t\t\t\t\t\t\t\t\t<img decoding=\"async\" width=\"118\" height=\"22\" src=\"https:\/\/teambha.cz\/wp-content\/uploads\/2023\/03\/star.svg\" class=\"attachment-large size-large wp-image-45\" alt=\"\" \/>\t\t\t\t\t\t\t\t\t\t\t\t\t\t\t<\/div>\n\t\t\t\t<\/div>\n\t\t\t\t<div class=\"elementor-element elementor-element-5368fd04 elementor-widget elementor-widget-heading\" data-id=\"5368fd04\" data-element_type=\"widget\" data-e-type=\"widget\" data-widget_type=\"heading.default\">\n\t\t\t\t<div class=\"elementor-widget-container\">\n\t\t\t\t\t<h2 class=\"elementor-heading-title elementor-size-default\">TEAMBHA<\/h2>\t\t\t\t<\/div>\n\t\t\t\t<\/div>\n\t\t\t\t<div class=\"elementor-element elementor-element-5cdb2aa0 elementor-widget-divider--view-line_text elementor-widget-divider--element-align-center elementor-widget elementor-widget-divider\" data-id=\"5cdb2aa0\" data-element_type=\"widget\" data-e-type=\"widget\" data-widget_type=\"divider.default\">\n\t\t\t\t<div class=\"elementor-widget-container\">\n\t\t\t\t\t\t\t<div class=\"elementor-divider\">\n\t\t\t<span class=\"elementor-divider-separator\">\n\t\t\t\t\t\t\t<span class=\"elementor-divider__text elementor-divider__element\">\n\t\t\t\tOUR CAMPS\t\t\t\t<\/span>\n\t\t\t\t\t\t<\/span>\n\t\t<\/div>\n\t\t\t\t\t\t<\/div>\n\t\t\t\t<\/div>\n\t\t\t\t\t<\/div>\n\t\t<\/div>\n\t\t\t\t\t<\/div>\n\t\t<\/section>\n\t\t\t\t<section class=\"elementor-section elementor-top-section elementor-element elementor-element-425872e7 elementor-section-height-min-height elementor-section-boxed elementor-section-height-default elementor-section-items-middle\" data-id=\"425872e7\" data-element_type=\"section\" data-e-type=\"section\" data-settings=\"{&quot;background_background&quot;:&quot;gradient&quot;}\">\n\t\t\t\t\t\t<div class=\"elementor-container elementor-column-gap-default\">\n\t\t\t\t\t<div class=\"elementor-column elementor-col-100 elementor-top-column elementor-element elementor-element-5a0b164c\" data-id=\"5a0b164c\" data-element_type=\"column\" data-e-type=\"column\">\n\t\t\t<div class=\"elementor-widget-wrap elementor-element-populated\">\n\t\t\t\t\t\t<section class=\"elementor-section elementor-inner-section elementor-element elementor-element-2c6b90c elementor-hidden-desktop elementor-hidden-tablet elementor-section-boxed elementor-section-height-default elementor-section-height-default\" data-id=\"2c6b90c\" data-element_type=\"section\" data-e-type=\"section\">\n\t\t\t\t\t\t<div class=\"elementor-container elementor-column-gap-default\">\n\t\t\t\t\t<div class=\"elementor-column elementor-col-50 elementor-inner-column elementor-element elementor-element-aacdb7b\" data-id=\"aacdb7b\" data-element_type=\"column\" data-e-type=\"column\" data-settings=\"{&quot;background_background&quot;:&quot;classic&quot;}\">\n\t\t\t<div class=\"elementor-widget-wrap elementor-element-populated\">\n\t\t\t\t\t<div class=\"elementor-background-overlay\"><\/div>\n\t\t\t\t\t\t<div class=\"elementor-element elementor-element-67b1175 elementor-widget elementor-widget-image\" data-id=\"67b1175\" data-element_type=\"widget\" data-e-type=\"widget\" data-widget_type=\"image.default\">\n\t\t\t\t<div class=\"elementor-widget-container\">\n\t\t\t\t\t\t\t\t\t\t\t\t\t\t\t\t<a href=\"https:\/\/www.teambha.cz\/en\/jednodenni-a-vikendove-kempy\/\">\n\t\t\t\t\t\t\t<img fetchpriority=\"high\" decoding=\"async\" width=\"800\" height=\"515\" src=\"https:\/\/teambha.cz\/wp-content\/uploads\/2023\/03\/Puk.webp\" class=\"elementor-animation-grow attachment-large size-large wp-image-51\" alt=\"\" srcset=\"https:\/\/teambha.cz\/wp-content\/uploads\/2023\/03\/Puk.webp 900w, https:\/\/teambha.cz\/wp-content\/uploads\/2023\/03\/Puk-600x386.webp 600w, https:\/\/teambha.cz\/wp-content\/uploads\/2023\/03\/Puk-300x193.webp 300w, https:\/\/teambha.cz\/wp-content\/uploads\/2023\/03\/Puk-768x494.webp 768w\" sizes=\"(max-width: 800px) 100vw, 800px\" \/>\t\t\t\t\t\t\t\t<\/a>\n\t\t\t\t\t\t\t\t\t\t\t\t\t\t\t<\/div>\n\t\t\t\t<\/div>\n\t\t\t\t<div class=\"elementor-element elementor-element-523ac5e elementor-invisible elementor-widget elementor-widget-heading\" data-id=\"523ac5e\" data-element_type=\"widget\" data-e-type=\"widget\" data-settings=\"{&quot;_animation&quot;:&quot;fadeInUp&quot;}\" data-widget_type=\"heading.default\">\n\t\t\t\t<div class=\"elementor-widget-container\">\n\t\t\t\t\t<h2 class=\"elementor-heading-title elementor-size-default\">01<\/h2>\t\t\t\t<\/div>\n\t\t\t\t<\/div>\n\t\t\t\t<div class=\"elementor-element elementor-element-83eaf37 elementor-widget__width-auto elementor-invisible elementor-widget elementor-widget-heading\" data-id=\"83eaf37\" data-element_type=\"widget\" data-e-type=\"widget\" data-settings=\"{&quot;_animation&quot;:&quot;fadeInUp&quot;}\" data-widget_type=\"heading.default\">\n\t\t\t\t<div class=\"elementor-widget-container\">\n\t\t\t\t\t<h2 class=\"elementor-heading-title elementor-size-default\"><a href=\"https:\/\/www.teambha.cz\/en\/jednodenni-a-vikendove-kempy\/\">JEDNODENN\u00cd + V\u00cdKENDOV\u00c9<\/a><\/h2>\t\t\t\t<\/div>\n\t\t\t\t<\/div>\n\t\t\t\t\t<\/div>\n\t\t<\/div>\n\t\t\t\t<div class=\"elementor-column elementor-col-50 elementor-inner-column elementor-element elementor-element-3712e5b\" data-id=\"3712e5b\" data-element_type=\"column\" data-e-type=\"column\" data-settings=\"{&quot;background_background&quot;:&quot;classic&quot;}\">\n\t\t\t<div class=\"elementor-widget-wrap elementor-element-populated\">\n\t\t\t\t\t<div class=\"elementor-background-overlay\"><\/div>\n\t\t\t\t\t\t<div class=\"elementor-element elementor-element-75ba3fb e-transform elementor-widget elementor-widget-image\" data-id=\"75ba3fb\" data-element_type=\"widget\" data-e-type=\"widget\" data-settings=\"{&quot;_transform_rotateZ_effect&quot;:{&quot;unit&quot;:&quot;px&quot;,&quot;size&quot;:27,&quot;sizes&quot;:[]},&quot;_transform_rotateZ_effect_tablet&quot;:{&quot;unit&quot;:&quot;deg&quot;,&quot;size&quot;:&quot;&quot;,&quot;sizes&quot;:[]},&quot;_transform_rotateZ_effect_mobile&quot;:{&quot;unit&quot;:&quot;deg&quot;,&quot;size&quot;:&quot;&quot;,&quot;sizes&quot;:[]}}\" data-widget_type=\"image.default\">\n\t\t\t\t<div class=\"elementor-widget-container\">\n\t\t\t\t\t\t\t\t\t\t\t\t\t\t\t\t<a href=\"https:\/\/www.teambha.cz\/en\/specialni-jednodenni-kemp-pro-zacinajici-brankare\/\">\n\t\t\t\t\t\t\t<img decoding=\"async\" width=\"800\" height=\"979\" src=\"https:\/\/teambha.cz\/wp-content\/uploads\/2023\/03\/lapacka-837x1024.webp\" class=\"elementor-animation-grow attachment-large size-large wp-image-131\" alt=\"\" srcset=\"https:\/\/teambha.cz\/wp-content\/uploads\/2023\/03\/lapacka-837x1024.webp 837w, https:\/\/teambha.cz\/wp-content\/uploads\/2023\/03\/lapacka-600x734.webp 600w, https:\/\/teambha.cz\/wp-content\/uploads\/2023\/03\/lapacka-245x300.webp 245w, https:\/\/teambha.cz\/wp-content\/uploads\/2023\/03\/lapacka-768x939.webp 768w, https:\/\/teambha.cz\/wp-content\/uploads\/2023\/03\/lapacka.webp 1049w\" sizes=\"(max-width: 800px) 100vw, 800px\" \/>\t\t\t\t\t\t\t\t<\/a>\n\t\t\t\t\t\t\t\t\t\t\t\t\t\t\t<\/div>\n\t\t\t\t<\/div>\n\t\t\t\t<div class=\"elementor-element elementor-element-6d89c9f elementor-invisible elementor-widget elementor-widget-heading\" data-id=\"6d89c9f\" data-element_type=\"widget\" data-e-type=\"widget\" data-settings=\"{&quot;_animation&quot;:&quot;fadeInUp&quot;}\" data-widget_type=\"heading.default\">\n\t\t\t\t<div class=\"elementor-widget-container\">\n\t\t\t\t\t<h2 class=\"elementor-heading-title elementor-size-default\"><a href=\"https:\/\/www.teambha.cz\/en\/specialni-jednodenni-kemp-pro-zacinajici-brankare\/\">02<\/a><\/h2>\t\t\t\t<\/div>\n\t\t\t\t<\/div>\n\t\t\t\t<div class=\"elementor-element elementor-element-cf7a9b3 elementor-widget__width-auto elementor-invisible elementor-widget elementor-widget-heading\" data-id=\"cf7a9b3\" data-element_type=\"widget\" data-e-type=\"widget\" data-settings=\"{&quot;_animation&quot;:&quot;fadeInUp&quot;}\" data-widget_type=\"heading.default\">\n\t\t\t\t<div class=\"elementor-widget-container\">\n\t\t\t\t\t<h2 class=\"elementor-heading-title elementor-size-default\"><a href=\"https:\/\/www.teambha.cz\/en\/specialni-jednodenni-kemp-pro-zacinajici-brankare\/\">KEMPY PRO ZA\u010c\u00cdNAJ\u00cdC\u00cd BRANK\u00c1\u0158E<\/a><\/h2>\t\t\t\t<\/div>\n\t\t\t\t<\/div>\n\t\t\t\t\t<\/div>\n\t\t<\/div>\n\t\t\t\t\t<\/div>\n\t\t<\/section>\n\t\t\t\t<section class=\"elementor-section elementor-inner-section elementor-element elementor-element-bf9a1e9 elementor-hidden-mobile elementor-section-boxed elementor-section-height-default elementor-section-height-default\" data-id=\"bf9a1e9\" data-element_type=\"section\" data-e-type=\"section\">\n\t\t\t\t\t\t<div class=\"elementor-container elementor-column-gap-default\">\n\t\t\t\t\t<div class=\"elementor-column elementor-col-50 elementor-inner-column elementor-element elementor-element-721c2a8\" data-id=\"721c2a8\" data-element_type=\"column\" data-e-type=\"column\" data-settings=\"{&quot;background_background&quot;:&quot;classic&quot;}\">\n\t\t\t<div class=\"elementor-widget-wrap elementor-element-populated\">\n\t\t\t\t\t<div class=\"elementor-background-overlay\"><\/div>\n\t\t\t\t\t\t<div class=\"elementor-element elementor-element-66cdcb4 elementor-widget elementor-widget-image\" data-id=\"66cdcb4\" data-element_type=\"widget\" data-e-type=\"widget\" data-widget_type=\"image.default\">\n\t\t\t\t<div class=\"elementor-widget-container\">\n\t\t\t\t\t\t\t\t\t\t\t\t\t\t\t\t<a href=\"https:\/\/www.teambha.cz\/en\/jednodenni-a-vikendove-kempy\/\">\n\t\t\t\t\t\t\t<img fetchpriority=\"high\" decoding=\"async\" width=\"800\" height=\"515\" src=\"https:\/\/teambha.cz\/wp-content\/uploads\/2023\/03\/Puk.webp\" class=\"elementor-animation-grow attachment-large size-large wp-image-51\" alt=\"\" srcset=\"https:\/\/teambha.cz\/wp-content\/uploads\/2023\/03\/Puk.webp 900w, https:\/\/teambha.cz\/wp-content\/uploads\/2023\/03\/Puk-600x386.webp 600w, https:\/\/teambha.cz\/wp-content\/uploads\/2023\/03\/Puk-300x193.webp 300w, https:\/\/teambha.cz\/wp-content\/uploads\/2023\/03\/Puk-768x494.webp 768w\" sizes=\"(max-width: 800px) 100vw, 800px\" \/>\t\t\t\t\t\t\t\t<\/a>\n\t\t\t\t\t\t\t\t\t\t\t\t\t\t\t<\/div>\n\t\t\t\t<\/div>\n\t\t\t\t<div class=\"elementor-element elementor-element-443e8f1 elementor-invisible elementor-widget elementor-widget-heading\" data-id=\"443e8f1\" data-element_type=\"widget\" data-e-type=\"widget\" data-settings=\"{&quot;_animation&quot;:&quot;fadeInUp&quot;}\" data-widget_type=\"heading.default\">\n\t\t\t\t<div class=\"elementor-widget-container\">\n\t\t\t\t\t<h2 class=\"elementor-heading-title elementor-size-default\"><a href=\"https:\/\/www.teambha.cz\/en\/jednodenni-a-vikendove-kempy\/\">01<\/a><\/h2>\t\t\t\t<\/div>\n\t\t\t\t<\/div>\n\t\t\t\t<div class=\"elementor-element elementor-element-907494d elementor-widget__width-auto elementor-invisible elementor-widget elementor-widget-heading\" data-id=\"907494d\" data-element_type=\"widget\" data-e-type=\"widget\" data-settings=\"{&quot;_animation&quot;:&quot;fadeInUp&quot;}\" data-widget_type=\"heading.default\">\n\t\t\t\t<div class=\"elementor-widget-container\">\n\t\t\t\t\t<h2 class=\"elementor-heading-title elementor-size-default\"><a href=\"https:\/\/www.teambha.cz\/en\/jednodenni-a-vikendove-kempy\/\">JEDNODENN\u00cd + V\u00cdKENDOV\u00c9 KEMPY<\/a><\/h2>\t\t\t\t<\/div>\n\t\t\t\t<\/div>\n\t\t\t\t\t<\/div>\n\t\t<\/div>\n\t\t\t\t<div class=\"elementor-column elementor-col-50 elementor-inner-column elementor-element elementor-element-27f2617\" data-id=\"27f2617\" data-element_type=\"column\" data-e-type=\"column\" data-settings=\"{&quot;background_background&quot;:&quot;classic&quot;}\">\n\t\t\t<div class=\"elementor-widget-wrap elementor-element-populated\">\n\t\t\t\t\t<div class=\"elementor-background-overlay\"><\/div>\n\t\t\t\t\t\t<div class=\"elementor-element elementor-element-e721590 e-transform elementor-widget elementor-widget-image\" data-id=\"e721590\" data-element_type=\"widget\" data-e-type=\"widget\" data-settings=\"{&quot;_transform_rotateZ_effect&quot;:{&quot;unit&quot;:&quot;px&quot;,&quot;size&quot;:27,&quot;sizes&quot;:[]},&quot;_transform_rotateZ_effect_tablet&quot;:{&quot;unit&quot;:&quot;deg&quot;,&quot;size&quot;:&quot;&quot;,&quot;sizes&quot;:[]},&quot;_transform_rotateZ_effect_mobile&quot;:{&quot;unit&quot;:&quot;deg&quot;,&quot;size&quot;:&quot;&quot;,&quot;sizes&quot;:[]}}\" data-widget_type=\"image.default\">\n\t\t\t\t<div class=\"elementor-widget-container\">\n\t\t\t\t\t\t\t\t\t\t\t\t\t\t\t\t<a href=\"https:\/\/www.teambha.cz\/en\/specialni-jednodenni-kemp-pro-zacinajici-brankare\/\">\n\t\t\t\t\t\t\t<img decoding=\"async\" width=\"800\" height=\"979\" src=\"https:\/\/teambha.cz\/wp-content\/uploads\/2023\/03\/lapacka-837x1024.webp\" class=\"elementor-animation-grow attachment-large size-large wp-image-131\" alt=\"\" srcset=\"https:\/\/teambha.cz\/wp-content\/uploads\/2023\/03\/lapacka-837x1024.webp 837w, https:\/\/teambha.cz\/wp-content\/uploads\/2023\/03\/lapacka-600x734.webp 600w, https:\/\/teambha.cz\/wp-content\/uploads\/2023\/03\/lapacka-245x300.webp 245w, https:\/\/teambha.cz\/wp-content\/uploads\/2023\/03\/lapacka-768x939.webp 768w, https:\/\/teambha.cz\/wp-content\/uploads\/2023\/03\/lapacka.webp 1049w\" sizes=\"(max-width: 800px) 100vw, 800px\" \/>\t\t\t\t\t\t\t\t<\/a>\n\t\t\t\t\t\t\t\t\t\t\t\t\t\t\t<\/div>\n\t\t\t\t<\/div>\n\t\t\t\t<div class=\"elementor-element elementor-element-7bc9e7a elementor-invisible elementor-widget elementor-widget-heading\" data-id=\"7bc9e7a\" data-element_type=\"widget\" data-e-type=\"widget\" data-settings=\"{&quot;_animation&quot;:&quot;fadeInUp&quot;}\" data-widget_type=\"heading.default\">\n\t\t\t\t<div class=\"elementor-widget-container\">\n\t\t\t\t\t<h2 class=\"elementor-heading-title elementor-size-default\"><a href=\"https:\/\/www.teambha.cz\/en\/specialni-jednodenni-kemp-pro-zacinajici-brankare\/\">02<\/a><\/h2>\t\t\t\t<\/div>\n\t\t\t\t<\/div>\n\t\t\t\t<div class=\"elementor-element elementor-element-2012ca2 elementor-widget__width-auto elementor-invisible elementor-widget elementor-widget-heading\" data-id=\"2012ca2\" data-element_type=\"widget\" data-e-type=\"widget\" data-settings=\"{&quot;_animation&quot;:&quot;fadeInUp&quot;}\" data-widget_type=\"heading.default\">\n\t\t\t\t<div class=\"elementor-widget-container\">\n\t\t\t\t\t<h2 class=\"elementor-heading-title elementor-size-default\"><a href=\"https:\/\/www.teambha.cz\/en\/specialni-jednodenni-kemp-pro-zacinajici-brankare\/\">KEMPY PRO ZA\u010c\u00cdNAJ\u00cdC\u00cd BRANK\u00c1\u0158E<\/a><\/h2>\t\t\t\t<\/div>\n\t\t\t\t<\/div>\n\t\t\t\t\t<\/div>\n\t\t<\/div>\n\t\t\t\t\t<\/div>\n\t\t<\/section>\n\t\t\t\t\t<\/div>\n\t\t<\/div>\n\t\t\t\t\t<\/div>\n\t\t<\/section>\n\t\t\t\t<\/div>","protected":false},"excerpt":{"rendered":"<p>TEAMBHA NA\u0160E AKCE 01 JEDNODENN\u00cd + V\u00cdKENDOV\u00c9 02 KEMPY PRO ZA\u010c\u00cdNAJ\u00cdC\u00cd BRANK\u00c1\u0158E 01 JEDNODENN\u00cd + V\u00cdKENDOV\u00c9 KEMPY 02 KEMPY PRO ZA\u010c\u00cdNAJ\u00cdC\u00cd BRANK\u00c1\u0158E<\/p>","protected":false},"author":3,"featured_media":0,"parent":0,"menu_order":0,"comment_status":"closed","ping_status":"closed","template":"elementor_header_footer","meta":{"_acf_changed":false,"footnotes":""},"class_list":["post-11327","page","type-page","status-publish","hentry"],"acf":[],"yoast_head":"<!-- This site is optimized with the Yoast SEO plugin v27.4 - https:\/\/yoast.com\/product\/yoast-seo-wordpress\/ -->\n<title>Jednodenn\u00ed kempy rozd\u011blen\u00ed - TEAMBHA<\/title>\n<meta name=\"robots\" content=\"index, follow, max-snippet:-1, max-image-preview:large, max-video-preview:-1\" \/>\n<link rel=\"canonical\" href=\"https:\/\/teambha.cz\/jednodenni-kempy-rozdeleni\/\" \/>\n<meta property=\"og:locale\" content=\"en_GB\" \/>\n<meta property=\"og:type\" content=\"article\" \/>\n<meta property=\"og:title\" content=\"Jednodenn\u00ed kempy rozd\u011blen\u00ed - TEAMBHA\" \/>\n<meta property=\"og:description\" content=\"TEAMBHA NA\u0160E AKCE 01 JEDNODENN\u00cd + V\u00cdKENDOV\u00c9 02 KEMPY PRO ZA\u010c\u00cdNAJ\u00cdC\u00cd BRANK\u00c1\u0158E 01 JEDNODENN\u00cd + V\u00cdKENDOV\u00c9 KEMPY 02 KEMPY PRO ZA\u010c\u00cdNAJ\u00cdC\u00cd BRANK\u00c1\u0158E\" \/>\n<meta property=\"og:url\" content=\"https:\/\/teambha.cz\/jednodenni-kempy-rozdeleni\/\" \/>\n<meta property=\"og:site_name\" content=\"TEAMBHA\" \/>\n<meta property=\"article:publisher\" content=\"https:\/\/www.facebook.com\/teambhahokej\" \/>\n<meta property=\"article:modified_time\" content=\"2025-01-16T14:00:43+00:00\" \/>\n<meta property=\"og:image\" content=\"https:\/\/teambha.cz\/wp-content\/uploads\/2023\/03\/star.svg\" \/>\n<meta name=\"twitter:card\" content=\"summary_large_image\" \/>\n<meta name=\"twitter:label1\" content=\"Estimated reading time\" \/>\n\t<meta name=\"twitter:data1\" content=\"2 minutes\" \/>\n<script type=\"application\/ld+json\" class=\"yoast-schema-graph\">{\"@context\":\"https:\\\/\\\/schema.org\",\"@graph\":[{\"@type\":\"WebPage\",\"@id\":\"https:\\\/\\\/teambha.cz\\\/jednodenni-kempy-rozdeleni\\\/\",\"url\":\"https:\\\/\\\/teambha.cz\\\/jednodenni-kempy-rozdeleni\\\/\",\"name\":\"Jednodenn\u00ed kempy rozd\u011blen\u00ed - TEAMBHA\",\"isPartOf\":{\"@id\":\"https:\\\/\\\/teambha.cz\\\/#website\"},\"primaryImageOfPage\":{\"@id\":\"https:\\\/\\\/teambha.cz\\\/jednodenni-kempy-rozdeleni\\\/#primaryimage\"},\"image\":{\"@id\":\"https:\\\/\\\/teambha.cz\\\/jednodenni-kempy-rozdeleni\\\/#primaryimage\"},\"thumbnailUrl\":\"https:\\\/\\\/teambha.cz\\\/wp-content\\\/uploads\\\/2023\\\/03\\\/star.svg\",\"datePublished\":\"2024-09-12T10:25:28+00:00\",\"dateModified\":\"2025-01-16T14:00:43+00:00\",\"breadcrumb\":{\"@id\":\"https:\\\/\\\/teambha.cz\\\/jednodenni-kempy-rozdeleni\\\/#breadcrumb\"},\"inLanguage\":\"en-GB\",\"potentialAction\":[{\"@type\":\"ReadAction\",\"target\":[\"https:\\\/\\\/teambha.cz\\\/jednodenni-kempy-rozdeleni\\\/\"]}]},{\"@type\":\"ImageObject\",\"inLanguage\":\"en-GB\",\"@id\":\"https:\\\/\\\/teambha.cz\\\/jednodenni-kempy-rozdeleni\\\/#primaryimage\",\"url\":\"https:\\\/\\\/teambha.cz\\\/wp-content\\\/uploads\\\/2023\\\/03\\\/star.svg\",\"contentUrl\":\"https:\\\/\\\/teambha.cz\\\/wp-content\\\/uploads\\\/2023\\\/03\\\/star.svg\"},{\"@type\":\"BreadcrumbList\",\"@id\":\"https:\\\/\\\/teambha.cz\\\/jednodenni-kempy-rozdeleni\\\/#breadcrumb\",\"itemListElement\":[{\"@type\":\"ListItem\",\"position\":1,\"name\":\"Dom\u016f\",\"item\":\"https:\\\/\\\/www.teambha.cz\\\/\"},{\"@type\":\"ListItem\",\"position\":2,\"name\":\"Jednodenn\u00ed kempy rozd\u011blen\u00ed\"}]},{\"@type\":\"WebSite\",\"@id\":\"https:\\\/\\\/teambha.cz\\\/#website\",\"url\":\"https:\\\/\\\/teambha.cz\\\/\",\"name\":\"TEAMBHA\",\"description\":\"Brank\u00e1\u0159sk\u00e1 hokejov\u00e1 akademie\",\"publisher\":{\"@id\":\"https:\\\/\\\/teambha.cz\\\/#organization\"},\"potentialAction\":[{\"@type\":\"SearchAction\",\"target\":{\"@type\":\"EntryPoint\",\"urlTemplate\":\"https:\\\/\\\/teambha.cz\\\/?s={search_term_string}\"},\"query-input\":{\"@type\":\"PropertyValueSpecification\",\"valueRequired\":true,\"valueName\":\"search_term_string\"}}],\"inLanguage\":\"en-GB\"},{\"@type\":\"Organization\",\"@id\":\"https:\\\/\\\/teambha.cz\\\/#organization\",\"name\":\"TEAMBHA\",\"url\":\"https:\\\/\\\/teambha.cz\\\/\",\"logo\":{\"@type\":\"ImageObject\",\"inLanguage\":\"en-GB\",\"@id\":\"https:\\\/\\\/teambha.cz\\\/#\\\/schema\\\/logo\\\/image\\\/\",\"url\":\"https:\\\/\\\/teambha.cz\\\/wp-content\\\/uploads\\\/2023\\\/03\\\/Logo_teamBHA.svg\",\"contentUrl\":\"https:\\\/\\\/teambha.cz\\\/wp-content\\\/uploads\\\/2023\\\/03\\\/Logo_teamBHA.svg\",\"width\":161,\"height\":208,\"caption\":\"TEAMBHA\"},\"image\":{\"@id\":\"https:\\\/\\\/teambha.cz\\\/#\\\/schema\\\/logo\\\/image\\\/\"},\"sameAs\":[\"https:\\\/\\\/www.facebook.com\\\/teambhahokej\"]}]}<\/script>\n<!-- \/ Yoast SEO plugin. -->","yoast_head_json":{"title":"Jednodenn\u00ed kempy rozd\u011blen\u00ed - TEAMBHA","robots":{"index":"index","follow":"follow","max-snippet":"max-snippet:-1","max-image-preview":"max-image-preview:large","max-video-preview":"max-video-preview:-1"},"canonical":"https:\/\/teambha.cz\/jednodenni-kempy-rozdeleni\/","og_locale":"en_GB","og_type":"article","og_title":"Jednodenn\u00ed kempy rozd\u011blen\u00ed - TEAMBHA","og_description":"TEAMBHA NA\u0160E AKCE 01 JEDNODENN\u00cd + V\u00cdKENDOV\u00c9 02 KEMPY PRO ZA\u010c\u00cdNAJ\u00cdC\u00cd BRANK\u00c1\u0158E 01 JEDNODENN\u00cd + V\u00cdKENDOV\u00c9 KEMPY 02 KEMPY PRO ZA\u010c\u00cdNAJ\u00cdC\u00cd BRANK\u00c1\u0158E","og_url":"https:\/\/teambha.cz\/jednodenni-kempy-rozdeleni\/","og_site_name":"TEAMBHA","article_publisher":"https:\/\/www.facebook.com\/teambhahokej","article_modified_time":"2025-01-16T14:00:43+00:00","og_image":[{"url":"https:\/\/teambha.cz\/wp-content\/uploads\/2023\/03\/star.svg","type":"","width":"","height":""}],"twitter_card":"summary_large_image","twitter_misc":{"Estimated reading time":"2 minutes"},"schema":{"@context":"https:\/\/schema.org","@graph":[{"@type":"WebPage","@id":"https:\/\/teambha.cz\/jednodenni-kempy-rozdeleni\/","url":"https:\/\/teambha.cz\/jednodenni-kempy-rozdeleni\/","name":"Jednodenn\u00ed kempy rozd\u011blen\u00ed - TEAMBHA","isPartOf":{"@id":"https:\/\/teambha.cz\/#website"},"primaryImageOfPage":{"@id":"https:\/\/teambha.cz\/jednodenni-kempy-rozdeleni\/#primaryimage"},"image":{"@id":"https:\/\/teambha.cz\/jednodenni-kempy-rozdeleni\/#primaryimage"},"thumbnailUrl":"https:\/\/teambha.cz\/wp-content\/uploads\/2023\/03\/star.svg","datePublished":"2024-09-12T10:25:28+00:00","dateModified":"2025-01-16T14:00:43+00:00","breadcrumb":{"@id":"https:\/\/teambha.cz\/jednodenni-kempy-rozdeleni\/#breadcrumb"},"inLanguage":"en-GB","potentialAction":[{"@type":"ReadAction","target":["https:\/\/teambha.cz\/jednodenni-kempy-rozdeleni\/"]}]},{"@type":"ImageObject","inLanguage":"en-GB","@id":"https:\/\/teambha.cz\/jednodenni-kempy-rozdeleni\/#primaryimage","url":"https:\/\/teambha.cz\/wp-content\/uploads\/2023\/03\/star.svg","contentUrl":"https:\/\/teambha.cz\/wp-content\/uploads\/2023\/03\/star.svg"},{"@type":"BreadcrumbList","@id":"https:\/\/teambha.cz\/jednodenni-kempy-rozdeleni\/#breadcrumb","itemListElement":[{"@type":"ListItem","position":1,"name":"Dom\u016f","item":"https:\/\/www.teambha.cz\/"},{"@type":"ListItem","position":2,"name":"Jednodenn\u00ed kempy rozd\u011blen\u00ed"}]},{"@type":"WebSite","@id":"https:\/\/teambha.cz\/#website","url":"https:\/\/teambha.cz\/","name":"TEAMBHA","description":"Brank\u00e1\u0159sk\u00e1 hokejov\u00e1 akademie","publisher":{"@id":"https:\/\/teambha.cz\/#organization"},"potentialAction":[{"@type":"SearchAction","target":{"@type":"EntryPoint","urlTemplate":"https:\/\/teambha.cz\/?s={search_term_string}"},"query-input":{"@type":"PropertyValueSpecification","valueRequired":true,"valueName":"search_term_string"}}],"inLanguage":"en-GB"},{"@type":"Organization","@id":"https:\/\/teambha.cz\/#organization","name":"TEAMBHA","url":"https:\/\/teambha.cz\/","logo":{"@type":"ImageObject","inLanguage":"en-GB","@id":"https:\/\/teambha.cz\/#\/schema\/logo\/image\/","url":"https:\/\/teambha.cz\/wp-content\/uploads\/2023\/03\/Logo_teamBHA.svg","contentUrl":"https:\/\/teambha.cz\/wp-content\/uploads\/2023\/03\/Logo_teamBHA.svg","width":161,"height":208,"caption":"TEAMBHA"},"image":{"@id":"https:\/\/teambha.cz\/#\/schema\/logo\/image\/"},"sameAs":["https:\/\/www.facebook.com\/teambhahokej"]}]}},"_links":{"self":[{"href":"https:\/\/www.teambha.cz\/en\/wp-json\/wp\/v2\/pages\/11327","targetHints":{"allow":["GET"]}}],"collection":[{"href":"https:\/\/www.teambha.cz\/en\/wp-json\/wp\/v2\/pages"}],"about":[{"href":"https:\/\/www.teambha.cz\/en\/wp-json\/wp\/v2\/types\/page"}],"author":[{"embeddable":true,"href":"https:\/\/www.teambha.cz\/en\/wp-json\/wp\/v2\/users\/3"}],"replies":[{"embeddable":true,"href":"https:\/\/www.teambha.cz\/en\/wp-json\/wp\/v2\/comments?post=11327"}],"version-history":[{"count":6,"href":"https:\/\/www.teambha.cz\/en\/wp-json\/wp\/v2\/pages\/11327\/revisions"}],"predecessor-version":[{"id":14554,"href":"https:\/\/www.teambha.cz\/en\/wp-json\/wp\/v2\/pages\/11327\/revisions\/14554"}],"wp:attachment":[{"href":"https:\/\/www.teambha.cz\/en\/wp-json\/wp\/v2\/media?parent=11327"}],"curies":[{"name":"wp","href":"https:\/\/api.w.org\/{rel}","templated":true}]}}