{"id":584,"date":"2023-06-14T13:15:21","date_gmt":"2023-06-14T11:15:21","guid":{"rendered":"http:\/\/teambha.cz\/?page_id=584"},"modified":"2024-07-29T14:14:21","modified_gmt":"2024-07-29T12:14:21","slug":"koncepce","status":"publish","type":"page","link":"https:\/\/www.teambha.cz\/en\/koncepce\/","title":{"rendered":"Koncepce"},"content":{"rendered":"<div data-elementor-type=\"wp-page\" data-elementor-id=\"584\" class=\"elementor elementor-584\" data-elementor-post-type=\"page\">\n\t\t\t\t\t\t<section class=\"elementor-section elementor-top-section elementor-element elementor-element-7f02125f elementor-section-boxed elementor-section-height-default elementor-section-height-default\" data-id=\"7f02125f\" data-element_type=\"section\" data-e-type=\"section\" data-settings=\"{&quot;background_background&quot;:&quot;classic&quot;}\">\n\t\t\t\t\t\t\t<div class=\"elementor-background-overlay\"><\/div>\n\t\t\t\t\t\t\t<div class=\"elementor-container elementor-column-gap-default\">\n\t\t\t\t\t<div class=\"elementor-column elementor-col-100 elementor-top-column elementor-element elementor-element-eba84b0\" data-id=\"eba84b0\" data-element_type=\"column\" data-e-type=\"column\">\n\t\t\t<div class=\"elementor-widget-wrap elementor-element-populated\">\n\t\t\t\t\t\t<div class=\"elementor-element elementor-element-673800c4 elementor-widget elementor-widget-image\" data-id=\"673800c4\" data-element_type=\"widget\" data-e-type=\"widget\" data-widget_type=\"image.default\">\n\t\t\t\t<div class=\"elementor-widget-container\">\n\t\t\t\t\t\t\t\t\t\t\t\t\t\t\t<img decoding=\"async\" width=\"118\" height=\"22\" src=\"https:\/\/teambha.cz\/wp-content\/uploads\/2023\/03\/star.svg\" class=\"attachment-large size-large wp-image-45\" alt=\"\" \/>\t\t\t\t\t\t\t\t\t\t\t\t\t\t\t<\/div>\n\t\t\t\t<\/div>\n\t\t\t\t<div class=\"elementor-element elementor-element-692a29b1 elementor-widget elementor-widget-heading\" data-id=\"692a29b1\" data-element_type=\"widget\" data-e-type=\"widget\" data-widget_type=\"heading.default\">\n\t\t\t\t<div class=\"elementor-widget-container\">\n\t\t\t\t\t<h2 class=\"elementor-heading-title elementor-size-default\">TEAMBHA<\/h2>\t\t\t\t<\/div>\n\t\t\t\t<\/div>\n\t\t\t\t<div class=\"elementor-element elementor-element-5c09476b elementor-widget-divider--view-line_text elementor-widget-divider--element-align-center elementor-widget elementor-widget-divider\" data-id=\"5c09476b\" data-element_type=\"widget\" data-e-type=\"widget\" data-widget_type=\"divider.default\">\n\t\t\t\t<div class=\"elementor-widget-container\">\n\t\t\t\t\t\t\t<div class=\"elementor-divider\">\n\t\t\t<span class=\"elementor-divider-separator\">\n\t\t\t\t\t\t\t<span class=\"elementor-divider__text elementor-divider__element\">\n\t\t\t\tCONCEPTION\t\t\t\t<\/span>\n\t\t\t\t\t\t<\/span>\n\t\t<\/div>\n\t\t\t\t\t\t<\/div>\n\t\t\t\t<\/div>\n\t\t\t\t\t<\/div>\n\t\t<\/div>\n\t\t\t\t\t<\/div>\n\t\t<\/section>\n\t\t\t\t<section class=\"elementor-section elementor-top-section elementor-element elementor-element-4cd748aa elementor-section-height-min-height elementor-section-boxed elementor-section-height-default elementor-section-items-middle\" data-id=\"4cd748aa\" data-element_type=\"section\" data-e-type=\"section\" data-settings=\"{&quot;background_background&quot;:&quot;gradient&quot;}\">\n\t\t\t\t\t\t<div class=\"elementor-container elementor-column-gap-default\">\n\t\t\t\t\t<div class=\"elementor-column elementor-col-100 elementor-top-column elementor-element elementor-element-15744d9c\" data-id=\"15744d9c\" data-element_type=\"column\" data-e-type=\"column\">\n\t\t\t<div class=\"elementor-widget-wrap elementor-element-populated\">\n\t\t\t\t\t\t<div class=\"elementor-element elementor-element-30a92b9 elementor-widget elementor-widget-text-editor\" data-id=\"30a92b9\" data-element_type=\"widget\" data-e-type=\"widget\" data-widget_type=\"text-editor.default\">\n\t\t\t\t<div class=\"elementor-widget-container\">\n\t\t\t\t\t\t\t\t\t<div dir=\"auto\">There are several goalkeeping academies in the Czech Republic and they all claim the same \"individual approach\", but what do you really mean by this phrase that everyone offers?&nbsp;<\/div>\n<div dir=\"auto\">&nbsp;<\/div>\n<div dir=\"auto\">My si pod n\u00ed p\u0159edstavujeme na\u0161e akce, kter\u00e9 jsou limitovan\u00e9 pro maxim\u00e1ln\u00ed po\u010det 24 brank\u00e1\u0159\u016f pro hlavn\u00ed kempy a 6 brank\u00e1\u0159\u016f pro na\u0161e kempy TEAMBHA PRO. 12 a 9 pro jednodenn\u00ed a v\u00edkendov\u00e9 kempy. 9 a 6 brank\u00e1\u0159\u016f maxim\u00e1ln\u011b na tr\u00e9ninky SEASON a HOBBY.<\/div>\n<div dir=\"auto\">&nbsp;<\/div>\n<div dir=\"auto\">So that we can really say, this is an individual approach. We work with the goalies on the technical side of catching both on the ice and in training off the ice. We do everything to teach our members to behave on the ice with humility and respect for opponents and teammates.<\/div>\n<div dir=\"auto\">&nbsp;<\/div>\n<div dir=\"auto\">We always try to show all our members the way, using the most modern techniques that lead to professional success in quality European competitions. So that one day parents can be proud of their children. Like my father (founder of BHA) on me.<\/div>\n<div dir=\"auto\">&nbsp;<\/div>\n<div dir=\"auto\">Z\u00e1le\u017e\u00ed na v\u00e1s, jakou cestu si vyberete!<\/div><div dir=\"auto\">#workhardorgohome<\/div>\t\t\t\t\t\t\t\t<\/div>\n\t\t\t\t<\/div>\n\t\t\t\t<div class=\"elementor-element elementor-element-48274737 elementor-position-top elementor-widget elementor-widget-image-box\" data-id=\"48274737\" data-element_type=\"widget\" data-e-type=\"widget\" data-widget_type=\"image-box.default\">\n\t\t\t\t<div class=\"elementor-widget-container\">\n\t\t\t\t\t<div class=\"elementor-image-box-wrapper\"><figure class=\"elementor-image-box-img\"><img fetchpriority=\"high\" decoding=\"async\" width=\"800\" height=\"838\" src=\"https:\/\/teambha.cz\/wp-content\/uploads\/2023\/07\/Jaaaaa.png\" class=\"elementor-animation-shrink attachment-full size-full wp-image-1890\" alt=\"\" srcset=\"https:\/\/www.teambha.cz\/wp-content\/uploads\/2023\/07\/Jaaaaa.png 800w, https:\/\/www.teambha.cz\/wp-content\/uploads\/2023\/07\/Jaaaaa-600x629.png 600w, https:\/\/www.teambha.cz\/wp-content\/uploads\/2023\/07\/Jaaaaa-286x300.png 286w, https:\/\/www.teambha.cz\/wp-content\/uploads\/2023\/07\/Jaaaaa-768x804.png 768w, https:\/\/www.teambha.cz\/wp-content\/uploads\/2023\/07\/Jaaaaa-11x12.png 11w\" sizes=\"(max-width: 800px) 100vw, 800px\" \/><\/figure><div class=\"elementor-image-box-content\"><h3 class=\"elementor-image-box-title\">Owner\/Trainer<\/h3><p class=\"elementor-image-box-description\">Patrik nechv\u00e1tal<\/p><\/div><\/div>\t\t\t\t<\/div>\n\t\t\t\t<\/div>\n\t\t\t\t\t<\/div>\n\t\t<\/div>\n\t\t\t\t\t<\/div>\n\t\t<\/section>\n\t\t\t\t<section class=\"elementor-section elementor-inner-section elementor-element elementor-element-8bab36a elementor-section-boxed elementor-section-height-default elementor-section-height-default\" data-id=\"8bab36a\" data-element_type=\"section\" data-e-type=\"section\">\n\t\t\t\t\t\t<div class=\"elementor-container elementor-column-gap-default\">\n\t\t\t\t\t<div class=\"elementor-column elementor-col-33 elementor-inner-column elementor-element elementor-element-460ffe8\" data-id=\"460ffe8\" data-element_type=\"column\" data-e-type=\"column\" data-settings=\"{&quot;background_background&quot;:&quot;classic&quot;}\">\n\t\t\t<div class=\"elementor-widget-wrap elementor-element-populated\">\n\t\t\t\t\t<div class=\"elementor-background-overlay\"><\/div>\n\t\t\t\t\t\t<div class=\"elementor-element elementor-element-1202b1d elementor-widget elementor-widget-image\" data-id=\"1202b1d\" data-element_type=\"widget\" data-e-type=\"widget\" data-widget_type=\"image.default\">\n\t\t\t\t<div class=\"elementor-widget-container\">\n\t\t\t\t\t\t\t\t\t\t\t\t\t\t\t\t<a href=\"https:\/\/www.teambha.cz\/en\/koncepce\/\">\n\t\t\t\t\t\t\t<img decoding=\"async\" width=\"512\" height=\"512\" src=\"https:\/\/teambha.cz\/wp-content\/uploads\/2023\/05\/strategy-2.svg\" class=\"elementor-animation-grow attachment-large size-large wp-image-554\" alt=\"\" \/>\t\t\t\t\t\t\t\t<\/a>\n\t\t\t\t\t\t\t\t\t\t\t\t\t\t\t<\/div>\n\t\t\t\t<\/div>\n\t\t\t\t<div class=\"elementor-element elementor-element-f8037c9 elementor-invisible elementor-widget elementor-widget-heading\" data-id=\"f8037c9\" data-element_type=\"widget\" data-e-type=\"widget\" data-settings=\"{&quot;_animation&quot;:&quot;fadeInUp&quot;}\" data-widget_type=\"heading.default\">\n\t\t\t\t<div class=\"elementor-widget-container\">\n\t\t\t\t\t<h2 class=\"elementor-heading-title elementor-size-default\">01<\/h2>\t\t\t\t<\/div>\n\t\t\t\t<\/div>\n\t\t\t\t<div class=\"elementor-element elementor-element-02fa1e3 elementor-widget__width-auto elementor-invisible elementor-widget elementor-widget-heading\" data-id=\"02fa1e3\" data-element_type=\"widget\" data-e-type=\"widget\" data-settings=\"{&quot;_animation&quot;:&quot;fadeInUp&quot;}\" data-widget_type=\"heading.default\">\n\t\t\t\t<div class=\"elementor-widget-container\">\n\t\t\t\t\t<h2 class=\"elementor-heading-title elementor-size-default\"><a href=\"https:\/\/www.teambha.cz\/en\/koncepce\/\">CONCEPTION<\/a><\/h2>\t\t\t\t<\/div>\n\t\t\t\t<\/div>\n\t\t\t\t\t<\/div>\n\t\t<\/div>\n\t\t\t\t<div class=\"elementor-column elementor-col-33 elementor-inner-column elementor-element elementor-element-5362714\" data-id=\"5362714\" data-element_type=\"column\" data-e-type=\"column\" data-settings=\"{&quot;background_background&quot;:&quot;classic&quot;}\">\n\t\t\t<div class=\"elementor-widget-wrap elementor-element-populated\">\n\t\t\t\t\t<div class=\"elementor-background-overlay\"><\/div>\n\t\t\t\t\t\t<div class=\"elementor-element elementor-element-c739c84 elementor-widget elementor-widget-image\" data-id=\"c739c84\" data-element_type=\"widget\" data-e-type=\"widget\" data-widget_type=\"image.default\">\n\t\t\t\t<div class=\"elementor-widget-container\">\n\t\t\t\t\t\t\t\t\t\t\t\t\t\t\t\t<a href=\"https:\/\/www.teambha.cz\/en\/nase-prace\/\">\n\t\t\t\t\t\t\t<img loading=\"lazy\" decoding=\"async\" width=\"800\" height=\"515\" src=\"https:\/\/teambha.cz\/wp-content\/uploads\/2023\/03\/Puk.webp\" class=\"elementor-animation-grow attachment-large size-large wp-image-51\" alt=\"\" srcset=\"https:\/\/teambha.cz\/wp-content\/uploads\/2023\/03\/Puk.webp 900w, https:\/\/teambha.cz\/wp-content\/uploads\/2023\/03\/Puk-600x386.webp 600w, https:\/\/teambha.cz\/wp-content\/uploads\/2023\/03\/Puk-300x193.webp 300w, https:\/\/teambha.cz\/wp-content\/uploads\/2023\/03\/Puk-768x494.webp 768w\" sizes=\"(max-width: 800px) 100vw, 800px\" \/>\t\t\t\t\t\t\t\t<\/a>\n\t\t\t\t\t\t\t\t\t\t\t\t\t\t\t<\/div>\n\t\t\t\t<\/div>\n\t\t\t\t<div class=\"elementor-element elementor-element-e140954 elementor-invisible elementor-widget elementor-widget-heading\" data-id=\"e140954\" data-element_type=\"widget\" data-e-type=\"widget\" data-settings=\"{&quot;_animation&quot;:&quot;fadeInUp&quot;}\" data-widget_type=\"heading.default\">\n\t\t\t\t<div class=\"elementor-widget-container\">\n\t\t\t\t\t<h2 class=\"elementor-heading-title elementor-size-default\">02<\/h2>\t\t\t\t<\/div>\n\t\t\t\t<\/div>\n\t\t\t\t<div class=\"elementor-element elementor-element-34a30ac elementor-widget__width-auto elementor-invisible elementor-widget elementor-widget-heading\" data-id=\"34a30ac\" data-element_type=\"widget\" data-e-type=\"widget\" data-settings=\"{&quot;_animation&quot;:&quot;fadeInUp&quot;}\" data-widget_type=\"heading.default\">\n\t\t\t\t<div class=\"elementor-widget-container\">\n\t\t\t\t\t<h2 class=\"elementor-heading-title elementor-size-default\"><a href=\"https:\/\/www.teambha.cz\/en\/nase-prace\/\">OUR JOB<\/a><\/h2>\t\t\t\t<\/div>\n\t\t\t\t<\/div>\n\t\t\t\t\t<\/div>\n\t\t<\/div>\n\t\t\t\t<div class=\"elementor-column elementor-col-33 elementor-inner-column elementor-element elementor-element-d2c8d11\" data-id=\"d2c8d11\" data-element_type=\"column\" data-e-type=\"column\" data-settings=\"{&quot;background_background&quot;:&quot;classic&quot;}\">\n\t\t\t<div class=\"elementor-widget-wrap elementor-element-populated\">\n\t\t\t\t\t<div class=\"elementor-background-overlay\"><\/div>\n\t\t\t\t\t\t<div class=\"elementor-element elementor-element-4005173 elementor-widget elementor-widget-image\" data-id=\"4005173\" data-element_type=\"widget\" data-e-type=\"widget\" data-widget_type=\"image.default\">\n\t\t\t\t<div class=\"elementor-widget-container\">\n\t\t\t\t\t\t\t\t\t\t\t\t\t\t\t\t<a href=\"https:\/\/www.teambha.cz\/en\/nas-tym\/\">\n\t\t\t\t\t\t\t<img loading=\"lazy\" decoding=\"async\" width=\"800\" height=\"838\" src=\"https:\/\/teambha.cz\/wp-content\/uploads\/2023\/07\/3.png\" class=\"elementor-animation-grow attachment-large size-large wp-image-1895\" alt=\"\" srcset=\"https:\/\/teambha.cz\/wp-content\/uploads\/2023\/07\/3.png 800w, https:\/\/teambha.cz\/wp-content\/uploads\/2023\/07\/3-600x629.png 600w, https:\/\/teambha.cz\/wp-content\/uploads\/2023\/07\/3-286x300.png 286w, https:\/\/teambha.cz\/wp-content\/uploads\/2023\/07\/3-768x804.png 768w, https:\/\/teambha.cz\/wp-content\/uploads\/2023\/07\/3-11x12.png 11w\" sizes=\"(max-width: 800px) 100vw, 800px\" \/>\t\t\t\t\t\t\t\t<\/a>\n\t\t\t\t\t\t\t\t\t\t\t\t\t\t\t<\/div>\n\t\t\t\t<\/div>\n\t\t\t\t<div class=\"elementor-element elementor-element-f3b4a85 elementor-invisible elementor-widget elementor-widget-heading\" data-id=\"f3b4a85\" data-element_type=\"widget\" data-e-type=\"widget\" data-settings=\"{&quot;_animation&quot;:&quot;fadeInUp&quot;}\" data-widget_type=\"heading.default\">\n\t\t\t\t<div class=\"elementor-widget-container\">\n\t\t\t\t\t<h2 class=\"elementor-heading-title elementor-size-default\">03<\/h2>\t\t\t\t<\/div>\n\t\t\t\t<\/div>\n\t\t\t\t<div class=\"elementor-element elementor-element-db6ab7a elementor-widget__width-auto elementor-invisible elementor-widget elementor-widget-heading\" data-id=\"db6ab7a\" data-element_type=\"widget\" data-e-type=\"widget\" data-settings=\"{&quot;_animation&quot;:&quot;fadeInUp&quot;}\" data-widget_type=\"heading.default\">\n\t\t\t\t<div class=\"elementor-widget-container\">\n\t\t\t\t\t<h2 class=\"elementor-heading-title elementor-size-default\"><a href=\"https:\/\/www.teambha.cz\/en\/nas-tym\/\">OUR TEAM<\/a><\/h2>\t\t\t\t<\/div>\n\t\t\t\t<\/div>\n\t\t\t\t\t<\/div>\n\t\t<\/div>\n\t\t\t\t\t<\/div>\n\t\t<\/section>\n\t\t\t\t<\/div>","protected":false},"excerpt":{"rendered":"<p>TEAMBHA KONCEPCE V \u010cesk\u00e9 Republice existuje n\u011bkolik brank\u00e1\u0159sk\u00fdch akademii a v\u0161ichni tvrd\u00ed to stejn\u00e9 ,, invidu\u00e1ln\u00ed p\u0159\u00edstup ,, ale co si pod touhle fr\u00e1z\u00ed, kterou ka\u017ed\u00fd nab\u00edz\u00ed, vlastn\u011b p\u0159edstavit?&nbsp; &nbsp; My si pod n\u00ed p\u0159edstavujeme na\u0161e akce, kter\u00e9 jsou limitovan\u00e9 pro maxim\u00e1ln\u00ed po\u010det 24 brank\u00e1\u0159\u016f pro hlavn\u00ed kempy a 6 brank\u00e1\u0159\u016f pro na\u0161e kempy TEAMBHA [&hellip;]<\/p>\n","protected":false},"author":1,"featured_media":0,"parent":0,"menu_order":0,"comment_status":"closed","ping_status":"closed","template":"elementor_header_footer","meta":{"_acf_changed":false,"footnotes":""},"class_list":["post-584","page","type-page","status-publish","hentry"],"acf":[],"yoast_head":"<!-- This site is optimized with the Yoast SEO plugin v27.4 - https:\/\/yoast.com\/product\/yoast-seo-wordpress\/ -->\n<title>Koncepce - TEAMBHA<\/title>\n<meta name=\"robots\" content=\"index, follow, max-snippet:-1, max-image-preview:large, max-video-preview:-1\" \/>\n<link rel=\"canonical\" href=\"https:\/\/teambha.cz\/koncepce\/\" \/>\n<meta property=\"og:locale\" content=\"en_GB\" \/>\n<meta property=\"og:type\" content=\"article\" \/>\n<meta property=\"og:title\" content=\"Koncepce - TEAMBHA\" \/>\n<meta property=\"og:description\" content=\"TEAMBHA KONCEPCE V \u010cesk\u00e9 Republice existuje n\u011bkolik brank\u00e1\u0159sk\u00fdch akademii a v\u0161ichni tvrd\u00ed to stejn\u00e9 ,, invidu\u00e1ln\u00ed p\u0159\u00edstup ,, ale co si pod touhle fr\u00e1z\u00ed, kterou ka\u017ed\u00fd nab\u00edz\u00ed, vlastn\u011b p\u0159edstavit?&nbsp; &nbsp; My si pod n\u00ed p\u0159edstavujeme na\u0161e akce, kter\u00e9 jsou limitovan\u00e9 pro maxim\u00e1ln\u00ed po\u010det 24 brank\u00e1\u0159\u016f pro hlavn\u00ed kempy a 6 brank\u00e1\u0159\u016f pro na\u0161e kempy TEAMBHA [&hellip;]\" \/>\n<meta property=\"og:url\" content=\"https:\/\/teambha.cz\/koncepce\/\" \/>\n<meta property=\"og:site_name\" content=\"TEAMBHA\" \/>\n<meta property=\"article:publisher\" content=\"https:\/\/www.facebook.com\/teambhahokej\" \/>\n<meta property=\"article:modified_time\" content=\"2024-07-29T12:14:21+00:00\" \/>\n<meta property=\"og:image\" content=\"https:\/\/teambha.cz\/wp-content\/uploads\/2023\/03\/star.svg\" \/>\n<meta name=\"twitter:card\" content=\"summary_large_image\" \/>\n<meta name=\"twitter:label1\" content=\"Estimated reading time\" \/>\n\t<meta name=\"twitter:data1\" content=\"2 minutes\" \/>\n<script type=\"application\/ld+json\" class=\"yoast-schema-graph\">{\"@context\":\"https:\\\/\\\/schema.org\",\"@graph\":[{\"@type\":\"WebPage\",\"@id\":\"https:\\\/\\\/teambha.cz\\\/koncepce\\\/\",\"url\":\"https:\\\/\\\/teambha.cz\\\/koncepce\\\/\",\"name\":\"Koncepce - TEAMBHA\",\"isPartOf\":{\"@id\":\"https:\\\/\\\/teambha.cz\\\/#website\"},\"primaryImageOfPage\":{\"@id\":\"https:\\\/\\\/teambha.cz\\\/koncepce\\\/#primaryimage\"},\"image\":{\"@id\":\"https:\\\/\\\/teambha.cz\\\/koncepce\\\/#primaryimage\"},\"thumbnailUrl\":\"https:\\\/\\\/teambha.cz\\\/wp-content\\\/uploads\\\/2023\\\/03\\\/star.svg\",\"datePublished\":\"2023-06-14T11:15:21+00:00\",\"dateModified\":\"2024-07-29T12:14:21+00:00\",\"breadcrumb\":{\"@id\":\"https:\\\/\\\/teambha.cz\\\/koncepce\\\/#breadcrumb\"},\"inLanguage\":\"en-GB\",\"potentialAction\":[{\"@type\":\"ReadAction\",\"target\":[\"https:\\\/\\\/teambha.cz\\\/koncepce\\\/\"]}]},{\"@type\":\"ImageObject\",\"inLanguage\":\"en-GB\",\"@id\":\"https:\\\/\\\/teambha.cz\\\/koncepce\\\/#primaryimage\",\"url\":\"https:\\\/\\\/teambha.cz\\\/wp-content\\\/uploads\\\/2023\\\/03\\\/star.svg\",\"contentUrl\":\"https:\\\/\\\/teambha.cz\\\/wp-content\\\/uploads\\\/2023\\\/03\\\/star.svg\"},{\"@type\":\"BreadcrumbList\",\"@id\":\"https:\\\/\\\/teambha.cz\\\/koncepce\\\/#breadcrumb\",\"itemListElement\":[{\"@type\":\"ListItem\",\"position\":1,\"name\":\"Dom\u016f\",\"item\":\"https:\\\/\\\/www.teambha.cz\\\/\"},{\"@type\":\"ListItem\",\"position\":2,\"name\":\"Koncepce\"}]},{\"@type\":\"WebSite\",\"@id\":\"https:\\\/\\\/teambha.cz\\\/#website\",\"url\":\"https:\\\/\\\/teambha.cz\\\/\",\"name\":\"TEAMBHA\",\"description\":\"Brank\u00e1\u0159sk\u00e1 hokejov\u00e1 akademie\",\"publisher\":{\"@id\":\"https:\\\/\\\/teambha.cz\\\/#organization\"},\"potentialAction\":[{\"@type\":\"SearchAction\",\"target\":{\"@type\":\"EntryPoint\",\"urlTemplate\":\"https:\\\/\\\/teambha.cz\\\/?s={search_term_string}\"},\"query-input\":{\"@type\":\"PropertyValueSpecification\",\"valueRequired\":true,\"valueName\":\"search_term_string\"}}],\"inLanguage\":\"en-GB\"},{\"@type\":\"Organization\",\"@id\":\"https:\\\/\\\/teambha.cz\\\/#organization\",\"name\":\"TEAMBHA\",\"url\":\"https:\\\/\\\/teambha.cz\\\/\",\"logo\":{\"@type\":\"ImageObject\",\"inLanguage\":\"en-GB\",\"@id\":\"https:\\\/\\\/teambha.cz\\\/#\\\/schema\\\/logo\\\/image\\\/\",\"url\":\"https:\\\/\\\/teambha.cz\\\/wp-content\\\/uploads\\\/2023\\\/03\\\/Logo_teamBHA.svg\",\"contentUrl\":\"https:\\\/\\\/teambha.cz\\\/wp-content\\\/uploads\\\/2023\\\/03\\\/Logo_teamBHA.svg\",\"width\":161,\"height\":208,\"caption\":\"TEAMBHA\"},\"image\":{\"@id\":\"https:\\\/\\\/teambha.cz\\\/#\\\/schema\\\/logo\\\/image\\\/\"},\"sameAs\":[\"https:\\\/\\\/www.facebook.com\\\/teambhahokej\"]}]}<\/script>\n<!-- \/ Yoast SEO plugin. -->","yoast_head_json":{"title":"Koncepce - TEAMBHA","robots":{"index":"index","follow":"follow","max-snippet":"max-snippet:-1","max-image-preview":"max-image-preview:large","max-video-preview":"max-video-preview:-1"},"canonical":"https:\/\/teambha.cz\/koncepce\/","og_locale":"en_GB","og_type":"article","og_title":"Koncepce - TEAMBHA","og_description":"TEAMBHA KONCEPCE V \u010cesk\u00e9 Republice existuje n\u011bkolik brank\u00e1\u0159sk\u00fdch akademii a v\u0161ichni tvrd\u00ed to stejn\u00e9 ,, invidu\u00e1ln\u00ed p\u0159\u00edstup ,, ale co si pod touhle fr\u00e1z\u00ed, kterou ka\u017ed\u00fd nab\u00edz\u00ed, vlastn\u011b p\u0159edstavit?&nbsp; &nbsp; My si pod n\u00ed p\u0159edstavujeme na\u0161e akce, kter\u00e9 jsou limitovan\u00e9 pro maxim\u00e1ln\u00ed po\u010det 24 brank\u00e1\u0159\u016f pro hlavn\u00ed kempy a 6 brank\u00e1\u0159\u016f pro na\u0161e kempy TEAMBHA [&hellip;]","og_url":"https:\/\/teambha.cz\/koncepce\/","og_site_name":"TEAMBHA","article_publisher":"https:\/\/www.facebook.com\/teambhahokej","article_modified_time":"2024-07-29T12:14:21+00:00","og_image":[{"url":"https:\/\/teambha.cz\/wp-content\/uploads\/2023\/03\/star.svg","type":"","width":"","height":""}],"twitter_card":"summary_large_image","twitter_misc":{"Estimated reading time":"2 minutes"},"schema":{"@context":"https:\/\/schema.org","@graph":[{"@type":"WebPage","@id":"https:\/\/teambha.cz\/koncepce\/","url":"https:\/\/teambha.cz\/koncepce\/","name":"Koncepce - TEAMBHA","isPartOf":{"@id":"https:\/\/teambha.cz\/#website"},"primaryImageOfPage":{"@id":"https:\/\/teambha.cz\/koncepce\/#primaryimage"},"image":{"@id":"https:\/\/teambha.cz\/koncepce\/#primaryimage"},"thumbnailUrl":"https:\/\/teambha.cz\/wp-content\/uploads\/2023\/03\/star.svg","datePublished":"2023-06-14T11:15:21+00:00","dateModified":"2024-07-29T12:14:21+00:00","breadcrumb":{"@id":"https:\/\/teambha.cz\/koncepce\/#breadcrumb"},"inLanguage":"en-GB","potentialAction":[{"@type":"ReadAction","target":["https:\/\/teambha.cz\/koncepce\/"]}]},{"@type":"ImageObject","inLanguage":"en-GB","@id":"https:\/\/teambha.cz\/koncepce\/#primaryimage","url":"https:\/\/teambha.cz\/wp-content\/uploads\/2023\/03\/star.svg","contentUrl":"https:\/\/teambha.cz\/wp-content\/uploads\/2023\/03\/star.svg"},{"@type":"BreadcrumbList","@id":"https:\/\/teambha.cz\/koncepce\/#breadcrumb","itemListElement":[{"@type":"ListItem","position":1,"name":"Dom\u016f","item":"https:\/\/www.teambha.cz\/"},{"@type":"ListItem","position":2,"name":"Koncepce"}]},{"@type":"WebSite","@id":"https:\/\/teambha.cz\/#website","url":"https:\/\/teambha.cz\/","name":"TEAMBHA","description":"Brank\u00e1\u0159sk\u00e1 hokejov\u00e1 akademie","publisher":{"@id":"https:\/\/teambha.cz\/#organization"},"potentialAction":[{"@type":"SearchAction","target":{"@type":"EntryPoint","urlTemplate":"https:\/\/teambha.cz\/?s={search_term_string}"},"query-input":{"@type":"PropertyValueSpecification","valueRequired":true,"valueName":"search_term_string"}}],"inLanguage":"en-GB"},{"@type":"Organization","@id":"https:\/\/teambha.cz\/#organization","name":"TEAMBHA","url":"https:\/\/teambha.cz\/","logo":{"@type":"ImageObject","inLanguage":"en-GB","@id":"https:\/\/teambha.cz\/#\/schema\/logo\/image\/","url":"https:\/\/teambha.cz\/wp-content\/uploads\/2023\/03\/Logo_teamBHA.svg","contentUrl":"https:\/\/teambha.cz\/wp-content\/uploads\/2023\/03\/Logo_teamBHA.svg","width":161,"height":208,"caption":"TEAMBHA"},"image":{"@id":"https:\/\/teambha.cz\/#\/schema\/logo\/image\/"},"sameAs":["https:\/\/www.facebook.com\/teambhahokej"]}]}},"_links":{"self":[{"href":"https:\/\/www.teambha.cz\/en\/wp-json\/wp\/v2\/pages\/584","targetHints":{"allow":["GET"]}}],"collection":[{"href":"https:\/\/www.teambha.cz\/en\/wp-json\/wp\/v2\/pages"}],"about":[{"href":"https:\/\/www.teambha.cz\/en\/wp-json\/wp\/v2\/types\/page"}],"author":[{"embeddable":true,"href":"https:\/\/www.teambha.cz\/en\/wp-json\/wp\/v2\/users\/1"}],"replies":[{"embeddable":true,"href":"https:\/\/www.teambha.cz\/en\/wp-json\/wp\/v2\/comments?post=584"}],"version-history":[{"count":0,"href":"https:\/\/www.teambha.cz\/en\/wp-json\/wp\/v2\/pages\/584\/revisions"}],"wp:attachment":[{"href":"https:\/\/www.teambha.cz\/en\/wp-json\/wp\/v2\/media?parent=584"}],"curies":[{"name":"wp","href":"https:\/\/api.w.org\/{rel}","templated":true}]}}