{"id":9,"date":"2023-03-24T12:35:03","date_gmt":"2023-03-24T11:35:03","guid":{"rendered":"http:\/\/teambha.cz\/?page_id=9"},"modified":"2023-07-27T10:10:37","modified_gmt":"2023-07-27T08:10:37","slug":"o-nas","status":"publish","type":"page","link":"https:\/\/www.teambha.cz\/en\/o-nas\/","title":{"rendered":"About us"},"content":{"rendered":"<div data-elementor-type=\"wp-page\" data-elementor-id=\"9\" class=\"elementor elementor-9\" data-elementor-post-type=\"page\">\n\t\t\t\t\t\t<section class=\"elementor-section elementor-top-section elementor-element elementor-element-66f5abd3 elementor-section-boxed elementor-section-height-default elementor-section-height-default\" data-id=\"66f5abd3\" data-element_type=\"section\" data-e-type=\"section\" data-settings=\"{&quot;background_background&quot;:&quot;classic&quot;}\">\n\t\t\t\t\t\t\t<div class=\"elementor-background-overlay\"><\/div>\n\t\t\t\t\t\t\t<div class=\"elementor-container elementor-column-gap-default\">\n\t\t\t\t\t<div class=\"elementor-column elementor-col-100 elementor-top-column elementor-element elementor-element-2032666\" data-id=\"2032666\" data-element_type=\"column\" data-e-type=\"column\">\n\t\t\t<div class=\"elementor-widget-wrap elementor-element-populated\">\n\t\t\t\t\t\t<div class=\"elementor-element elementor-element-3c6bf9ca elementor-widget elementor-widget-image\" data-id=\"3c6bf9ca\" data-element_type=\"widget\" data-e-type=\"widget\" data-widget_type=\"image.default\">\n\t\t\t\t<div class=\"elementor-widget-container\">\n\t\t\t\t\t\t\t\t\t\t\t\t\t\t\t<img decoding=\"async\" width=\"118\" height=\"22\" src=\"https:\/\/teambha.cz\/wp-content\/uploads\/2023\/03\/star.svg\" class=\"attachment-large size-large wp-image-45\" alt=\"\" \/>\t\t\t\t\t\t\t\t\t\t\t\t\t\t\t<\/div>\n\t\t\t\t<\/div>\n\t\t\t\t<div class=\"elementor-element elementor-element-4d0b6ed1 elementor-widget elementor-widget-heading\" data-id=\"4d0b6ed1\" data-element_type=\"widget\" data-e-type=\"widget\" data-widget_type=\"heading.default\">\n\t\t\t\t<div class=\"elementor-widget-container\">\n\t\t\t\t\t<h2 class=\"elementor-heading-title elementor-size-default\">TEAMBHA<\/h2>\t\t\t\t<\/div>\n\t\t\t\t<\/div>\n\t\t\t\t<div class=\"elementor-element elementor-element-2425eae2 elementor-widget-divider--view-line_text elementor-widget-divider--element-align-center elementor-widget elementor-widget-divider\" data-id=\"2425eae2\" data-element_type=\"widget\" data-e-type=\"widget\" data-widget_type=\"divider.default\">\n\t\t\t\t<div class=\"elementor-widget-container\">\n\t\t\t\t\t\t\t<div class=\"elementor-divider\">\n\t\t\t<span class=\"elementor-divider-separator\">\n\t\t\t\t\t\t\t<span class=\"elementor-divider__text elementor-divider__element\">\n\t\t\t\tABOUT US\t\t\t\t<\/span>\n\t\t\t\t\t\t<\/span>\n\t\t<\/div>\n\t\t\t\t\t\t<\/div>\n\t\t\t\t<\/div>\n\t\t\t\t\t<\/div>\n\t\t<\/div>\n\t\t\t\t\t<\/div>\n\t\t<\/section>\n\t\t\t\t<section class=\"elementor-section elementor-top-section elementor-element elementor-element-7d55d960 elementor-section-height-min-height elementor-section-boxed elementor-section-height-default elementor-section-items-middle\" data-id=\"7d55d960\" data-element_type=\"section\" data-e-type=\"section\" data-settings=\"{&quot;background_background&quot;:&quot;gradient&quot;}\">\n\t\t\t\t\t\t<div class=\"elementor-container elementor-column-gap-default\">\n\t\t\t\t\t<div class=\"elementor-column elementor-col-100 elementor-top-column elementor-element elementor-element-35cbbb82\" data-id=\"35cbbb82\" data-element_type=\"column\" data-e-type=\"column\">\n\t\t\t<div class=\"elementor-widget-wrap elementor-element-populated\">\n\t\t\t\t\t\t<div class=\"elementor-element elementor-element-27d0a14 elementor-widget elementor-widget-text-editor\" data-id=\"27d0a14\" data-element_type=\"widget\" data-e-type=\"widget\" data-widget_type=\"text-editor.default\">\n\t\t\t\t<div class=\"elementor-widget-container\">\n\t\t\t\t\t\t\t\t\t<p class=\"translation-block\">The <strong>TEAMBHA<\/strong> goalkeeping school is a continuation of the goalkeeping hockey academy in Rosice, which has been operating since 2002. We are dedicated to the education and training of hockey goalkeepers, from the smallest to adult, often professional, goalkeepers. Our goal is to prepare young goalkeepers in such a way that they are able to make their way into extra-league youth teams. In the case of adult goalkeepers, it is a specific skill in which they want to improve. We offer countless variations and styles for goalkeepers to try out. It's up to everyone what style of catching they choose. Every goalkeeper is unique, so we approach each one individually and look for the best path to success.<\/p><p class=\"translation-block\">Regular training units are a big advantage. We see most of the goalkeepers year-round and can react to any problems very quickly. With the help of modern technologies, we are able to quickly analyze the given obstacle, or remove it completely thanks to further training. We also analyze the match under the name <strong>TEAMBHA GAMES.<\/strong> More information <strong><a href=\"https:\/\/www.teambha.cz\/en\/videogames\/\" target=\"_self\">HERE<\/a><\/strong>.<\/p><p class=\"translation-block\">From the 2022\/2023 season, we are holding events called <strong>SEASON<\/strong>, which are dedicated to special goalkeeper training during the season.<\/p><p class=\"translation-block\">In 2022, we also extended our services to Slovakia, where we organize camps under the name <strong>TEAMBHA SLOVAKIA<\/strong>. More information <strong><a href=\"https:\/\/www.teambha.cz\/en\/teambha-sk\/\" target=\"_self\">HERE<\/a><\/strong>.<\/p><p>In the post-season period (May-June) we focus on goalkeepers every Saturday and once a month we also organize a weekend camp. This two-month training cycle is also popular with older and foreign goalkeepers who cannot attend our regular training sessions during the season. Also the July goalkeeping main camp, which is excellent preparation for the next season. We work with junior and professional ice hockey players who help us with shooting exercises. After all, a hockey player can't be replaced by a puck machine \ud83d\ude09<\/p><p class=\"translation-block\">From the 2022\/2023 season, we also organize special training sessions for amateur goalkeepers (hobby) where goalkeepers can experience what it's like to train like a complete professional! More information <a href=\"https:\/\/www.teambha.cz\/en\/hobby\/\" target=\"_self\"><strong>HERE<\/strong><\/a><\/p>\t\t\t\t\t\t\t\t<\/div>\n\t\t\t\t<\/div>\n\t\t\t\t\t<\/div>\n\t\t<\/div>\n\t\t\t\t\t<\/div>\n\t\t<\/section>\n\t\t\t\t<section class=\"elementor-section elementor-inner-section elementor-element elementor-element-301cb22 elementor-section-boxed elementor-section-height-default elementor-section-height-default\" data-id=\"301cb22\" data-element_type=\"section\" data-e-type=\"section\">\n\t\t\t\t\t\t<div class=\"elementor-container elementor-column-gap-default\">\n\t\t\t\t\t<div class=\"elementor-column elementor-col-50 elementor-inner-column elementor-element elementor-element-5e513ca\" data-id=\"5e513ca\" data-element_type=\"column\" data-e-type=\"column\" data-settings=\"{&quot;background_background&quot;:&quot;classic&quot;}\">\n\t\t\t<div class=\"elementor-widget-wrap elementor-element-populated\">\n\t\t\t\t\t<div class=\"elementor-background-overlay\"><\/div>\n\t\t\t\t\t\t<div class=\"elementor-element elementor-element-70fb22c elementor-widget elementor-widget-image\" data-id=\"70fb22c\" data-element_type=\"widget\" data-e-type=\"widget\" data-widget_type=\"image.default\">\n\t\t\t\t<div class=\"elementor-widget-container\">\n\t\t\t\t\t\t\t\t\t\t\t\t\t\t\t\t<a href=\"https:\/\/www.teambha.cz\/en\/koncepce\/\">\n\t\t\t\t\t\t\t<img fetchpriority=\"high\" decoding=\"async\" width=\"512\" height=\"512\" src=\"https:\/\/teambha.cz\/wp-content\/uploads\/2023\/05\/strategy-2.svg\" class=\"elementor-animation-grow attachment-large size-large wp-image-554\" alt=\"\" \/>\t\t\t\t\t\t\t\t<\/a>\n\t\t\t\t\t\t\t\t\t\t\t\t\t\t\t<\/div>\n\t\t\t\t<\/div>\n\t\t\t\t<div class=\"elementor-element elementor-element-93666aa elementor-invisible elementor-widget elementor-widget-heading\" data-id=\"93666aa\" data-element_type=\"widget\" data-e-type=\"widget\" data-settings=\"{&quot;_animation&quot;:&quot;fadeInUp&quot;}\" data-widget_type=\"heading.default\">\n\t\t\t\t<div class=\"elementor-widget-container\">\n\t\t\t\t\t<h2 class=\"elementor-heading-title elementor-size-default\">01<\/h2>\t\t\t\t<\/div>\n\t\t\t\t<\/div>\n\t\t\t\t<div class=\"elementor-element elementor-element-78a3f32 elementor-widget__width-auto elementor-invisible elementor-widget elementor-widget-heading\" data-id=\"78a3f32\" data-element_type=\"widget\" data-e-type=\"widget\" data-settings=\"{&quot;_animation&quot;:&quot;fadeInUp&quot;}\" data-widget_type=\"heading.default\">\n\t\t\t\t<div class=\"elementor-widget-container\">\n\t\t\t\t\t<h2 class=\"elementor-heading-title elementor-size-default\"><a href=\"https:\/\/www.teambha.cz\/en\/koncepce\/\">CONCEPTION<\/a><\/h2>\t\t\t\t<\/div>\n\t\t\t\t<\/div>\n\t\t\t\t\t<\/div>\n\t\t<\/div>\n\t\t\t\t<div class=\"elementor-column elementor-col-50 elementor-inner-column elementor-element elementor-element-a0de42c\" data-id=\"a0de42c\" data-element_type=\"column\" data-e-type=\"column\" data-settings=\"{&quot;background_background&quot;:&quot;classic&quot;}\">\n\t\t\t<div class=\"elementor-widget-wrap elementor-element-populated\">\n\t\t\t\t\t<div class=\"elementor-background-overlay\"><\/div>\n\t\t\t\t\t\t<div class=\"elementor-element elementor-element-970f1bc elementor-widget elementor-widget-image\" data-id=\"970f1bc\" data-element_type=\"widget\" data-e-type=\"widget\" data-widget_type=\"image.default\">\n\t\t\t\t<div class=\"elementor-widget-container\">\n\t\t\t\t\t\t\t\t\t\t\t\t\t\t\t\t<a href=\"https:\/\/www.teambha.cz\/en\/nase-prace\/\">\n\t\t\t\t\t\t\t<img decoding=\"async\" width=\"800\" height=\"515\" src=\"https:\/\/teambha.cz\/wp-content\/uploads\/2023\/03\/Puk.webp\" class=\"elementor-animation-grow attachment-large size-large wp-image-51\" alt=\"\" srcset=\"https:\/\/teambha.cz\/wp-content\/uploads\/2023\/03\/Puk.webp 900w, https:\/\/teambha.cz\/wp-content\/uploads\/2023\/03\/Puk-600x386.webp 600w, https:\/\/teambha.cz\/wp-content\/uploads\/2023\/03\/Puk-300x193.webp 300w, https:\/\/teambha.cz\/wp-content\/uploads\/2023\/03\/Puk-768x494.webp 768w\" sizes=\"(max-width: 800px) 100vw, 800px\" \/>\t\t\t\t\t\t\t\t<\/a>\n\t\t\t\t\t\t\t\t\t\t\t\t\t\t\t<\/div>\n\t\t\t\t<\/div>\n\t\t\t\t<div class=\"elementor-element elementor-element-fb34115 elementor-invisible elementor-widget elementor-widget-heading\" data-id=\"fb34115\" data-element_type=\"widget\" data-e-type=\"widget\" data-settings=\"{&quot;_animation&quot;:&quot;fadeInUp&quot;}\" data-widget_type=\"heading.default\">\n\t\t\t\t<div class=\"elementor-widget-container\">\n\t\t\t\t\t<h2 class=\"elementor-heading-title elementor-size-default\">02<\/h2>\t\t\t\t<\/div>\n\t\t\t\t<\/div>\n\t\t\t\t<div class=\"elementor-element elementor-element-d26503b elementor-widget__width-auto elementor-invisible elementor-widget elementor-widget-heading\" data-id=\"d26503b\" data-element_type=\"widget\" data-e-type=\"widget\" data-settings=\"{&quot;_animation&quot;:&quot;fadeInUp&quot;}\" data-widget_type=\"heading.default\">\n\t\t\t\t<div class=\"elementor-widget-container\">\n\t\t\t\t\t<h2 class=\"elementor-heading-title elementor-size-default\"><a href=\"https:\/\/www.teambha.cz\/en\/nase-prace\/\">OUR JOB<\/a><\/h2>\t\t\t\t<\/div>\n\t\t\t\t<\/div>\n\t\t\t\t\t<\/div>\n\t\t<\/div>\n\t\t\t\t\t<\/div>\n\t\t<\/section>\n\t\t\t\t<section class=\"elementor-section elementor-inner-section elementor-element elementor-element-0333705 elementor-section-boxed elementor-section-height-default elementor-section-height-default\" data-id=\"0333705\" data-element_type=\"section\" data-e-type=\"section\">\n\t\t\t\t\t\t<div class=\"elementor-container elementor-column-gap-default\">\n\t\t\t\t\t<div class=\"elementor-column elementor-col-50 elementor-inner-column elementor-element elementor-element-db322cc\" data-id=\"db322cc\" data-element_type=\"column\" data-e-type=\"column\" data-settings=\"{&quot;background_background&quot;:&quot;classic&quot;}\">\n\t\t\t<div class=\"elementor-widget-wrap elementor-element-populated\">\n\t\t\t\t\t<div class=\"elementor-background-overlay\"><\/div>\n\t\t\t\t\t\t<div class=\"elementor-element elementor-element-750a590 elementor-widget elementor-widget-image\" data-id=\"750a590\" data-element_type=\"widget\" data-e-type=\"widget\" data-widget_type=\"image.default\">\n\t\t\t\t<div class=\"elementor-widget-container\">\n\t\t\t\t\t\t\t\t\t\t\t\t\t\t\t\t<a href=\"https:\/\/www.teambha.cz\/en\/nas-tym\/\">\n\t\t\t\t\t\t\t<img loading=\"lazy\" decoding=\"async\" width=\"800\" height=\"838\" src=\"https:\/\/teambha.cz\/wp-content\/uploads\/2023\/07\/3.png\" class=\"elementor-animation-grow attachment-large size-large wp-image-1895\" alt=\"\" srcset=\"https:\/\/teambha.cz\/wp-content\/uploads\/2023\/07\/3.png 800w, https:\/\/teambha.cz\/wp-content\/uploads\/2023\/07\/3-600x629.png 600w, https:\/\/teambha.cz\/wp-content\/uploads\/2023\/07\/3-286x300.png 286w, https:\/\/teambha.cz\/wp-content\/uploads\/2023\/07\/3-768x804.png 768w, https:\/\/teambha.cz\/wp-content\/uploads\/2023\/07\/3-11x12.png 11w\" sizes=\"(max-width: 800px) 100vw, 800px\" \/>\t\t\t\t\t\t\t\t<\/a>\n\t\t\t\t\t\t\t\t\t\t\t\t\t\t\t<\/div>\n\t\t\t\t<\/div>\n\t\t\t\t<div class=\"elementor-element elementor-element-a68becd elementor-invisible elementor-widget elementor-widget-heading\" data-id=\"a68becd\" data-element_type=\"widget\" data-e-type=\"widget\" data-settings=\"{&quot;_animation&quot;:&quot;fadeInUp&quot;}\" data-widget_type=\"heading.default\">\n\t\t\t\t<div class=\"elementor-widget-container\">\n\t\t\t\t\t<h2 class=\"elementor-heading-title elementor-size-default\">03<\/h2>\t\t\t\t<\/div>\n\t\t\t\t<\/div>\n\t\t\t\t<div class=\"elementor-element elementor-element-cefefa5 elementor-widget__width-auto elementor-invisible elementor-widget elementor-widget-heading\" data-id=\"cefefa5\" data-element_type=\"widget\" data-e-type=\"widget\" data-settings=\"{&quot;_animation&quot;:&quot;fadeInUp&quot;}\" data-widget_type=\"heading.default\">\n\t\t\t\t<div class=\"elementor-widget-container\">\n\t\t\t\t\t<h2 class=\"elementor-heading-title elementor-size-default\"><a href=\"https:\/\/www.teambha.cz\/en\/nas-tym\/\">OUR TEAM CZ<\/a><\/h2>\t\t\t\t<\/div>\n\t\t\t\t<\/div>\n\t\t\t\t\t<\/div>\n\t\t<\/div>\n\t\t\t\t<div class=\"elementor-column elementor-col-50 elementor-inner-column elementor-element elementor-element-1ee6b73\" data-id=\"1ee6b73\" data-element_type=\"column\" data-e-type=\"column\" data-settings=\"{&quot;background_background&quot;:&quot;classic&quot;}\">\n\t\t\t<div class=\"elementor-widget-wrap elementor-element-populated\">\n\t\t\t\t\t<div class=\"elementor-background-overlay\"><\/div>\n\t\t\t\t\t\t<div class=\"elementor-element elementor-element-a26b468 elementor-widget elementor-widget-image\" data-id=\"a26b468\" data-element_type=\"widget\" data-e-type=\"widget\" data-widget_type=\"image.default\">\n\t\t\t\t<div class=\"elementor-widget-container\">\n\t\t\t\t\t\t\t\t\t\t\t\t\t\t\t\t<a href=\"https:\/\/www.teambha.cz\/en\/nas-tym-sk\/\">\n\t\t\t\t\t\t\t<img loading=\"lazy\" decoding=\"async\" width=\"800\" height=\"838\" src=\"https:\/\/teambha.cz\/wp-content\/uploads\/2023\/07\/3-SK.png\" class=\"elementor-animation-grow attachment-large size-large wp-image-1914\" alt=\"\" srcset=\"https:\/\/teambha.cz\/wp-content\/uploads\/2023\/07\/3-SK.png 800w, https:\/\/teambha.cz\/wp-content\/uploads\/2023\/07\/3-SK-600x629.png 600w, https:\/\/teambha.cz\/wp-content\/uploads\/2023\/07\/3-SK-286x300.png 286w, https:\/\/teambha.cz\/wp-content\/uploads\/2023\/07\/3-SK-768x804.png 768w, https:\/\/teambha.cz\/wp-content\/uploads\/2023\/07\/3-SK-11x12.png 11w\" sizes=\"(max-width: 800px) 100vw, 800px\" \/>\t\t\t\t\t\t\t\t<\/a>\n\t\t\t\t\t\t\t\t\t\t\t\t\t\t\t<\/div>\n\t\t\t\t<\/div>\n\t\t\t\t<div class=\"elementor-element elementor-element-b80aea2 elementor-invisible elementor-widget elementor-widget-heading\" data-id=\"b80aea2\" data-element_type=\"widget\" data-e-type=\"widget\" data-settings=\"{&quot;_animation&quot;:&quot;fadeInUp&quot;}\" data-widget_type=\"heading.default\">\n\t\t\t\t<div class=\"elementor-widget-container\">\n\t\t\t\t\t<h2 class=\"elementor-heading-title elementor-size-default\">04<\/h2>\t\t\t\t<\/div>\n\t\t\t\t<\/div>\n\t\t\t\t<div class=\"elementor-element elementor-element-cb0a4e0 elementor-widget__width-auto elementor-invisible elementor-widget elementor-widget-heading\" data-id=\"cb0a4e0\" data-element_type=\"widget\" data-e-type=\"widget\" data-settings=\"{&quot;_animation&quot;:&quot;fadeInUp&quot;}\" data-widget_type=\"heading.default\">\n\t\t\t\t<div class=\"elementor-widget-container\">\n\t\t\t\t\t<h2 class=\"elementor-heading-title elementor-size-default\"><a href=\"https:\/\/www.teambha.cz\/en\/nas-tym-sk\/\">OUR TEAM SK<\/a><\/h2>\t\t\t\t<\/div>\n\t\t\t\t<\/div>\n\t\t\t\t\t<\/div>\n\t\t<\/div>\n\t\t\t\t\t<\/div>\n\t\t<\/section>\n\t\t\t\t<\/div>","protected":false},"excerpt":{"rendered":"<p>TEAMBHA O N\u00c1S Brank\u00e1\u0159sk\u00e1 \u0161kola TEAMBHA navazuje na brank\u00e1\u0159skou hokejovou akademii v Rosic\u00edch, kter\u00e1 funguje ji\u017e od roku 2002. V\u011bnujeme se v\u00fdchov\u011b a tr\u00e9ninku hokejov\u00fdch brank\u00e1\u0159\u016f od t\u011bch nejmen\u0161\u00edch a\u017e po dosp\u011bl\u00e9, mnohdy profesion\u00e1ln\u00ed, brank\u00e1\u0159e.\u00a0 Na\u0161im c\u00edlem je p\u0159ipravit mlad\u00e9 brank\u00e1\u0159e tak, aby byli schopni prosadit se do extraligov\u00fdch ml\u00e1de\u017enick\u00fdch t\u00fdm\u016f. V p\u0159\u00edpad\u011b dosp\u011bl\u00fdch brank\u00e1\u0159\u016f [&hellip;]<\/p>\n","protected":false},"author":1,"featured_media":0,"parent":0,"menu_order":0,"comment_status":"closed","ping_status":"closed","template":"elementor_header_footer","meta":{"_acf_changed":false,"footnotes":""},"class_list":["post-9","page","type-page","status-publish","hentry"],"acf":[],"yoast_head":"<!-- This site is optimized with the Yoast SEO plugin v27.4 - https:\/\/yoast.com\/product\/yoast-seo-wordpress\/ -->\n<title>O n\u00e1s - TEAMBHA<\/title>\n<meta name=\"robots\" content=\"index, follow, max-snippet:-1, max-image-preview:large, max-video-preview:-1\" \/>\n<link rel=\"canonical\" href=\"https:\/\/www.teambha.cz\/en\/o-nas\/\" \/>\n<meta property=\"og:locale\" content=\"en_GB\" \/>\n<meta property=\"og:type\" content=\"article\" \/>\n<meta property=\"og:title\" content=\"O n\u00e1s - TEAMBHA\" \/>\n<meta property=\"og:description\" content=\"TEAMBHA O N\u00c1S Brank\u00e1\u0159sk\u00e1 \u0161kola TEAMBHA navazuje na brank\u00e1\u0159skou hokejovou akademii v Rosic\u00edch, kter\u00e1 funguje ji\u017e od roku 2002. V\u011bnujeme se v\u00fdchov\u011b a tr\u00e9ninku hokejov\u00fdch brank\u00e1\u0159\u016f od t\u011bch nejmen\u0161\u00edch a\u017e po dosp\u011bl\u00e9, mnohdy profesion\u00e1ln\u00ed, brank\u00e1\u0159e.\u00a0 Na\u0161im c\u00edlem je p\u0159ipravit mlad\u00e9 brank\u00e1\u0159e tak, aby byli schopni prosadit se do extraligov\u00fdch ml\u00e1de\u017enick\u00fdch t\u00fdm\u016f. V p\u0159\u00edpad\u011b dosp\u011bl\u00fdch brank\u00e1\u0159\u016f [&hellip;]\" \/>\n<meta property=\"og:url\" content=\"https:\/\/www.teambha.cz\/en\/o-nas\/\" \/>\n<meta property=\"og:site_name\" content=\"TEAMBHA\" \/>\n<meta property=\"article:publisher\" content=\"https:\/\/www.facebook.com\/teambhahokej\" \/>\n<meta property=\"article:modified_time\" content=\"2023-07-27T08:10:37+00:00\" \/>\n<meta property=\"og:image\" content=\"https:\/\/teambha.cz\/wp-content\/uploads\/2023\/03\/star.svg\" \/>\n<meta name=\"twitter:card\" content=\"summary_large_image\" \/>\n<meta name=\"twitter:label1\" content=\"Estimated reading time\" \/>\n\t<meta name=\"twitter:data1\" content=\"3 minutes\" \/>\n<script type=\"application\/ld+json\" class=\"yoast-schema-graph\">{\"@context\":\"https:\\\/\\\/schema.org\",\"@graph\":[{\"@type\":\"WebPage\",\"@id\":\"https:\\\/\\\/www.teambha.cz\\\/o-nas\\\/\",\"url\":\"https:\\\/\\\/www.teambha.cz\\\/o-nas\\\/\",\"name\":\"O n\u00e1s - TEAMBHA\",\"isPartOf\":{\"@id\":\"https:\\\/\\\/teambha.cz\\\/#website\"},\"primaryImageOfPage\":{\"@id\":\"https:\\\/\\\/www.teambha.cz\\\/o-nas\\\/#primaryimage\"},\"image\":{\"@id\":\"https:\\\/\\\/www.teambha.cz\\\/o-nas\\\/#primaryimage\"},\"thumbnailUrl\":\"https:\\\/\\\/teambha.cz\\\/wp-content\\\/uploads\\\/2023\\\/03\\\/star.svg\",\"datePublished\":\"2023-03-24T11:35:03+00:00\",\"dateModified\":\"2023-07-27T08:10:37+00:00\",\"breadcrumb\":{\"@id\":\"https:\\\/\\\/www.teambha.cz\\\/o-nas\\\/#breadcrumb\"},\"inLanguage\":\"en-GB\",\"potentialAction\":[{\"@type\":\"ReadAction\",\"target\":[\"https:\\\/\\\/www.teambha.cz\\\/o-nas\\\/\"]}]},{\"@type\":\"ImageObject\",\"inLanguage\":\"en-GB\",\"@id\":\"https:\\\/\\\/www.teambha.cz\\\/o-nas\\\/#primaryimage\",\"url\":\"https:\\\/\\\/teambha.cz\\\/wp-content\\\/uploads\\\/2023\\\/03\\\/star.svg\",\"contentUrl\":\"https:\\\/\\\/teambha.cz\\\/wp-content\\\/uploads\\\/2023\\\/03\\\/star.svg\"},{\"@type\":\"BreadcrumbList\",\"@id\":\"https:\\\/\\\/www.teambha.cz\\\/o-nas\\\/#breadcrumb\",\"itemListElement\":[{\"@type\":\"ListItem\",\"position\":1,\"name\":\"Dom\u016f\",\"item\":\"https:\\\/\\\/www.teambha.cz\\\/\"},{\"@type\":\"ListItem\",\"position\":2,\"name\":\"O n\u00e1s\"}]},{\"@type\":\"WebSite\",\"@id\":\"https:\\\/\\\/teambha.cz\\\/#website\",\"url\":\"https:\\\/\\\/teambha.cz\\\/\",\"name\":\"TEAMBHA\",\"description\":\"Brank\u00e1\u0159sk\u00e1 hokejov\u00e1 akademie\",\"publisher\":{\"@id\":\"https:\\\/\\\/teambha.cz\\\/#organization\"},\"potentialAction\":[{\"@type\":\"SearchAction\",\"target\":{\"@type\":\"EntryPoint\",\"urlTemplate\":\"https:\\\/\\\/teambha.cz\\\/?s={search_term_string}\"},\"query-input\":{\"@type\":\"PropertyValueSpecification\",\"valueRequired\":true,\"valueName\":\"search_term_string\"}}],\"inLanguage\":\"en-GB\"},{\"@type\":\"Organization\",\"@id\":\"https:\\\/\\\/teambha.cz\\\/#organization\",\"name\":\"TEAMBHA\",\"url\":\"https:\\\/\\\/teambha.cz\\\/\",\"logo\":{\"@type\":\"ImageObject\",\"inLanguage\":\"en-GB\",\"@id\":\"https:\\\/\\\/teambha.cz\\\/#\\\/schema\\\/logo\\\/image\\\/\",\"url\":\"https:\\\/\\\/teambha.cz\\\/wp-content\\\/uploads\\\/2023\\\/03\\\/Logo_teamBHA.svg\",\"contentUrl\":\"https:\\\/\\\/teambha.cz\\\/wp-content\\\/uploads\\\/2023\\\/03\\\/Logo_teamBHA.svg\",\"width\":161,\"height\":208,\"caption\":\"TEAMBHA\"},\"image\":{\"@id\":\"https:\\\/\\\/teambha.cz\\\/#\\\/schema\\\/logo\\\/image\\\/\"},\"sameAs\":[\"https:\\\/\\\/www.facebook.com\\\/teambhahokej\"]}]}<\/script>\n<!-- \/ Yoast SEO plugin. -->","yoast_head_json":{"title":"O n\u00e1s - TEAMBHA","robots":{"index":"index","follow":"follow","max-snippet":"max-snippet:-1","max-image-preview":"max-image-preview:large","max-video-preview":"max-video-preview:-1"},"canonical":"https:\/\/www.teambha.cz\/en\/o-nas\/","og_locale":"en_GB","og_type":"article","og_title":"O n\u00e1s - TEAMBHA","og_description":"TEAMBHA O N\u00c1S Brank\u00e1\u0159sk\u00e1 \u0161kola TEAMBHA navazuje na brank\u00e1\u0159skou hokejovou akademii v Rosic\u00edch, kter\u00e1 funguje ji\u017e od roku 2002. V\u011bnujeme se v\u00fdchov\u011b a tr\u00e9ninku hokejov\u00fdch brank\u00e1\u0159\u016f od t\u011bch nejmen\u0161\u00edch a\u017e po dosp\u011bl\u00e9, mnohdy profesion\u00e1ln\u00ed, brank\u00e1\u0159e.\u00a0 Na\u0161im c\u00edlem je p\u0159ipravit mlad\u00e9 brank\u00e1\u0159e tak, aby byli schopni prosadit se do extraligov\u00fdch ml\u00e1de\u017enick\u00fdch t\u00fdm\u016f. V p\u0159\u00edpad\u011b dosp\u011bl\u00fdch brank\u00e1\u0159\u016f [&hellip;]","og_url":"https:\/\/www.teambha.cz\/en\/o-nas\/","og_site_name":"TEAMBHA","article_publisher":"https:\/\/www.facebook.com\/teambhahokej","article_modified_time":"2023-07-27T08:10:37+00:00","og_image":[{"url":"https:\/\/teambha.cz\/wp-content\/uploads\/2023\/03\/star.svg","type":"","width":"","height":""}],"twitter_card":"summary_large_image","twitter_misc":{"Estimated reading time":"3 minutes"},"schema":{"@context":"https:\/\/schema.org","@graph":[{"@type":"WebPage","@id":"https:\/\/www.teambha.cz\/o-nas\/","url":"https:\/\/www.teambha.cz\/o-nas\/","name":"O n\u00e1s - TEAMBHA","isPartOf":{"@id":"https:\/\/teambha.cz\/#website"},"primaryImageOfPage":{"@id":"https:\/\/www.teambha.cz\/o-nas\/#primaryimage"},"image":{"@id":"https:\/\/www.teambha.cz\/o-nas\/#primaryimage"},"thumbnailUrl":"https:\/\/teambha.cz\/wp-content\/uploads\/2023\/03\/star.svg","datePublished":"2023-03-24T11:35:03+00:00","dateModified":"2023-07-27T08:10:37+00:00","breadcrumb":{"@id":"https:\/\/www.teambha.cz\/o-nas\/#breadcrumb"},"inLanguage":"en-GB","potentialAction":[{"@type":"ReadAction","target":["https:\/\/www.teambha.cz\/o-nas\/"]}]},{"@type":"ImageObject","inLanguage":"en-GB","@id":"https:\/\/www.teambha.cz\/o-nas\/#primaryimage","url":"https:\/\/teambha.cz\/wp-content\/uploads\/2023\/03\/star.svg","contentUrl":"https:\/\/teambha.cz\/wp-content\/uploads\/2023\/03\/star.svg"},{"@type":"BreadcrumbList","@id":"https:\/\/www.teambha.cz\/o-nas\/#breadcrumb","itemListElement":[{"@type":"ListItem","position":1,"name":"Dom\u016f","item":"https:\/\/www.teambha.cz\/"},{"@type":"ListItem","position":2,"name":"O n\u00e1s"}]},{"@type":"WebSite","@id":"https:\/\/teambha.cz\/#website","url":"https:\/\/teambha.cz\/","name":"TEAMBHA","description":"Brank\u00e1\u0159sk\u00e1 hokejov\u00e1 akademie","publisher":{"@id":"https:\/\/teambha.cz\/#organization"},"potentialAction":[{"@type":"SearchAction","target":{"@type":"EntryPoint","urlTemplate":"https:\/\/teambha.cz\/?s={search_term_string}"},"query-input":{"@type":"PropertyValueSpecification","valueRequired":true,"valueName":"search_term_string"}}],"inLanguage":"en-GB"},{"@type":"Organization","@id":"https:\/\/teambha.cz\/#organization","name":"TEAMBHA","url":"https:\/\/teambha.cz\/","logo":{"@type":"ImageObject","inLanguage":"en-GB","@id":"https:\/\/teambha.cz\/#\/schema\/logo\/image\/","url":"https:\/\/teambha.cz\/wp-content\/uploads\/2023\/03\/Logo_teamBHA.svg","contentUrl":"https:\/\/teambha.cz\/wp-content\/uploads\/2023\/03\/Logo_teamBHA.svg","width":161,"height":208,"caption":"TEAMBHA"},"image":{"@id":"https:\/\/teambha.cz\/#\/schema\/logo\/image\/"},"sameAs":["https:\/\/www.facebook.com\/teambhahokej"]}]}},"_links":{"self":[{"href":"https:\/\/www.teambha.cz\/en\/wp-json\/wp\/v2\/pages\/9","targetHints":{"allow":["GET"]}}],"collection":[{"href":"https:\/\/www.teambha.cz\/en\/wp-json\/wp\/v2\/pages"}],"about":[{"href":"https:\/\/www.teambha.cz\/en\/wp-json\/wp\/v2\/types\/page"}],"author":[{"embeddable":true,"href":"https:\/\/www.teambha.cz\/en\/wp-json\/wp\/v2\/users\/1"}],"replies":[{"embeddable":true,"href":"https:\/\/www.teambha.cz\/en\/wp-json\/wp\/v2\/comments?post=9"}],"version-history":[{"count":0,"href":"https:\/\/www.teambha.cz\/en\/wp-json\/wp\/v2\/pages\/9\/revisions"}],"wp:attachment":[{"href":"https:\/\/www.teambha.cz\/en\/wp-json\/wp\/v2\/media?parent=9"}],"curies":[{"name":"wp","href":"https:\/\/api.w.org\/{rel}","templated":true}]}}