{"id":22245,"date":"2026-03-31T15:03:03","date_gmt":"2026-03-31T13:03:03","guid":{"rendered":"https:\/\/teambha.cz\/?post_type=product&#038;p=22245"},"modified":"2026-04-14T06:06:08","modified_gmt":"2026-04-14T04:06:08","slug":"teambha-mikina-bez-kapuce","status":"publish","type":"product","link":"https:\/\/www.teambha.cz\/en\/product\/teambha-mikina-bez-kapuce\/","title":{"rendered":"TEAMBHA Mikina bez kapuce"},"content":{"rendered":"<p class=\"p1\">TEAMBHA mikina bez kapuce je z\u00e1kladn\u00ed kousek, kter\u00fd vyu\u017eije ka\u017ed\u00fd brank\u00e1\u0159 i rodi\u010d na zimn\u00edm stadionu.<\/p>\n<p class=\"p1\">Klasick\u00e1 mikina bez kapuce s \u010dist\u00fdm designem je ide\u00e1ln\u00ed jako vrstva pod bundu nebo jako samostatn\u00fd kus na tr\u00e9nink i b\u011b\u017en\u00e9 no\u0161en\u00ed. D\u00edky po\u010desan\u00e9 vnit\u0159n\u00ed stran\u011b je p\u0159\u00edjemn\u011b h\u0159ejiv\u00e1 a komfortn\u00ed i b\u011bhem dlouh\u00fdch hodin na zim\u00e1ku.<\/p>\n<p class=\"p1\">Jednoduch\u00fd st\u0159ih neomezuje pohyb, tak\u017ee ji vyu\u017eije\u0161 p\u0159i rozcvi\u010den\u00ed, cest\u011b na tr\u00e9nink i p\u0159i \u010dek\u00e1n\u00ed na tribun\u011b.<\/p>\n<p class=\"p1\">Minimalistick\u00fd styl dopln\u011bn\u00fd o TEAMBHA logo d\u00e1v\u00e1 jasn\u011b najevo, \u017ee jsi sou\u010d\u00e1st\u00ed komunity, kter\u00e1 mak\u00e1.<\/p>\n<p class=\"p1\">Tohle je z\u00e1klad.<\/p>\n<p class=\"p1\">Ka\u017edodenn\u00ed hokejov\u00fd \u017eivot.<\/p>\n<p class=\"p1\"><span class=\"s1\"><b>Vnit\u0159n\u00ed strana:<\/b><\/span> Po\u010desan\u00e1 \u2013 m\u011bkk\u00e1 a tepl\u00e1<span class=\"Apple-converted-space\">\u00a0 <\/span><\/p>\n<p class=\"p1\"><span class=\"s1\"><b>Man\u017eety a lem:<\/b><\/span> \u017debrovan\u00e9 s elastanem \u2013 dr\u017e\u00ed tvar<\/p>\n<p class=\"p1\">\u2714\ufe0fIde\u00e1ln\u00ed na zimn\u00ed stadion (dlouh\u00e9 \u010dek\u00e1n\u00ed bez zimy)<\/p>\n<p class=\"p1\">\u2714\ufe0f Perfektn\u00ed jako z\u00e1kladn\u00ed vrstva pod bundu<\/p>\n<p class=\"p1\">\u2714\ufe0f Vhodn\u00e1 pro hr\u00e1\u010de i rodi\u010de<\/p>\n<p class=\"p1\">\u2714\ufe0f Odoln\u00fd materi\u00e1l \u2013 vydr\u017e\u00ed celou sez\u00f3nu<\/p>\n<p class=\"p1\">\u2714\ufe0f Clean design pro ka\u017edodenn\u00ed no\u0161en\u00ed<\/p>\n<p><strong>TABULKA VELIKOST\u00cd D\u011aTSK\u00c9 <a href=\"https:\/\/teambha.cz\/wp-content\/uploads\/2026\/04\/Tabulka-veliksoti-mikina-bez-kapuce-detska.jpg\">ZDE<\/a><\/strong><\/p>\n<p><strong>TABULKA VELIKOST\u00cd P\u00c1NSK\u00c9 <a href=\"https:\/\/teambha.cz\/wp-content\/uploads\/2026\/04\/Tabulka-velikosti-mikina-bez-kapuce-panska.jpg\">ZDE<\/a><\/strong><\/p>","protected":false},"excerpt":{"rendered":"<p class=\"p1\">Z\u00e1klad, kter\u00fd nos\u00ed\u0161 ka\u017ed\u00fd den.<\/p>\n<p class=\"p1\">Na zim\u00e1k. Na tr\u00e9nink. Kamkoliv.<\/p>","protected":false},"featured_media":22247,"template":"","meta":{"_acf_changed":false},"product_brand":[],"product_cat":[63,19],"product_tag":[],"class_list":{"0":"post-22245","1":"product","2":"type-product","3":"status-publish","4":"has-post-thumbnail","6":"product_cat-mikiny","7":"product_cat-nezarazene","9":"first","10":"instock","11":"sale","12":"taxable","13":"shipping-taxable","14":"purchasable","15":"product-type-variable"},"acf":[],"yoast_head":"<!-- This site is optimized with the Yoast SEO plugin v27.4 - https:\/\/yoast.com\/product\/yoast-seo-wordpress\/ -->\n<title>TEAMBHA Mikina bez kapuce - TEAMBHA<\/title>\n<meta name=\"robots\" content=\"index, follow, max-snippet:-1, max-image-preview:large, max-video-preview:-1\" \/>\n<link rel=\"canonical\" href=\"https:\/\/teambha.cz\/en\/product\/teambha-mikina-bez-kapuce\/\" \/>\n<meta property=\"og:locale\" content=\"en_GB\" \/>\n<meta property=\"og:type\" content=\"article\" \/>\n<meta property=\"og:title\" content=\"TEAMBHA Mikina bez kapuce - TEAMBHA\" \/>\n<meta property=\"og:description\" content=\"Z\u00e1klad, kter\u00fd nos\u00ed\u0161 ka\u017ed\u00fd den. Na zim\u00e1k. Na tr\u00e9nink. Kamkoliv.\" \/>\n<meta property=\"og:url\" content=\"https:\/\/teambha.cz\/en\/product\/teambha-mikina-bez-kapuce\/\" \/>\n<meta property=\"og:site_name\" content=\"TEAMBHA\" \/>\n<meta property=\"article:publisher\" content=\"https:\/\/www.facebook.com\/teambhahokej\" \/>\n<meta property=\"article:modified_time\" content=\"2026-04-14T04:06:08+00:00\" \/>\n<meta property=\"og:image\" content=\"https:\/\/teambha.cz\/wp-content\/uploads\/2026\/03\/Bez-kapuce.png\" \/>\n\t<meta property=\"og:image:width\" content=\"1181\" \/>\n\t<meta property=\"og:image:height\" content=\"1181\" \/>\n\t<meta property=\"og:image:type\" content=\"image\/png\" \/>\n<meta name=\"twitter:card\" content=\"summary_large_image\" \/>\n<meta name=\"twitter:label1\" content=\"Estimated reading time\" \/>\n\t<meta name=\"twitter:data1\" content=\"1 minute\" \/>\n<script type=\"application\/ld+json\" class=\"yoast-schema-graph\">{\"@context\":\"https:\\\/\\\/schema.org\",\"@graph\":[{\"@type\":\"WebPage\",\"@id\":\"https:\\\/\\\/teambha.cz\\\/en\\\/product\\\/teambha-mikina-bez-kapuce\\\/\",\"url\":\"https:\\\/\\\/teambha.cz\\\/en\\\/product\\\/teambha-mikina-bez-kapuce\\\/\",\"name\":\"TEAMBHA Mikina bez kapuce - TEAMBHA\",\"isPartOf\":{\"@id\":\"https:\\\/\\\/teambha.cz\\\/#website\"},\"primaryImageOfPage\":{\"@id\":\"https:\\\/\\\/teambha.cz\\\/en\\\/product\\\/teambha-mikina-bez-kapuce\\\/#primaryimage\"},\"image\":{\"@id\":\"https:\\\/\\\/teambha.cz\\\/en\\\/product\\\/teambha-mikina-bez-kapuce\\\/#primaryimage\"},\"thumbnailUrl\":\"https:\\\/\\\/www.teambha.cz\\\/wp-content\\\/uploads\\\/2026\\\/03\\\/Bez-kapuce.png\",\"datePublished\":\"2026-03-31T13:03:03+00:00\",\"dateModified\":\"2026-04-14T04:06:08+00:00\",\"breadcrumb\":{\"@id\":\"https:\\\/\\\/teambha.cz\\\/en\\\/product\\\/teambha-mikina-bez-kapuce\\\/#breadcrumb\"},\"inLanguage\":\"en-GB\",\"potentialAction\":[{\"@type\":\"ReadAction\",\"target\":[\"https:\\\/\\\/teambha.cz\\\/en\\\/product\\\/teambha-mikina-bez-kapuce\\\/\"]}]},{\"@type\":\"ImageObject\",\"inLanguage\":\"en-GB\",\"@id\":\"https:\\\/\\\/teambha.cz\\\/en\\\/product\\\/teambha-mikina-bez-kapuce\\\/#primaryimage\",\"url\":\"https:\\\/\\\/www.teambha.cz\\\/wp-content\\\/uploads\\\/2026\\\/03\\\/Bez-kapuce.png\",\"contentUrl\":\"https:\\\/\\\/www.teambha.cz\\\/wp-content\\\/uploads\\\/2026\\\/03\\\/Bez-kapuce.png\",\"width\":1181,\"height\":1181},{\"@type\":\"BreadcrumbList\",\"@id\":\"https:\\\/\\\/teambha.cz\\\/en\\\/product\\\/teambha-mikina-bez-kapuce\\\/#breadcrumb\",\"itemListElement\":[{\"@type\":\"ListItem\",\"position\":1,\"name\":\"Dom\u016f\",\"item\":\"https:\\\/\\\/www.teambha.cz\\\/\"},{\"@type\":\"ListItem\",\"position\":2,\"name\":\"Obchod\",\"item\":\"https:\\\/\\\/www.teambha.cz\\\/obchod\\\/\"},{\"@type\":\"ListItem\",\"position\":3,\"name\":\"TEAMBHA Mikina bez kapuce\"}]},{\"@type\":\"WebSite\",\"@id\":\"https:\\\/\\\/teambha.cz\\\/#website\",\"url\":\"https:\\\/\\\/teambha.cz\\\/\",\"name\":\"TEAMBHA\",\"description\":\"Brank\u00e1\u0159sk\u00e1 hokejov\u00e1 akademie\",\"publisher\":{\"@id\":\"https:\\\/\\\/teambha.cz\\\/#organization\"},\"potentialAction\":[{\"@type\":\"SearchAction\",\"target\":{\"@type\":\"EntryPoint\",\"urlTemplate\":\"https:\\\/\\\/teambha.cz\\\/?s={search_term_string}\"},\"query-input\":{\"@type\":\"PropertyValueSpecification\",\"valueRequired\":true,\"valueName\":\"search_term_string\"}}],\"inLanguage\":\"en-GB\"},{\"@type\":\"Organization\",\"@id\":\"https:\\\/\\\/teambha.cz\\\/#organization\",\"name\":\"TEAMBHA\",\"url\":\"https:\\\/\\\/teambha.cz\\\/\",\"logo\":{\"@type\":\"ImageObject\",\"inLanguage\":\"en-GB\",\"@id\":\"https:\\\/\\\/teambha.cz\\\/#\\\/schema\\\/logo\\\/image\\\/\",\"url\":\"https:\\\/\\\/teambha.cz\\\/wp-content\\\/uploads\\\/2023\\\/03\\\/Logo_teamBHA.svg\",\"contentUrl\":\"https:\\\/\\\/teambha.cz\\\/wp-content\\\/uploads\\\/2023\\\/03\\\/Logo_teamBHA.svg\",\"width\":161,\"height\":208,\"caption\":\"TEAMBHA\"},\"image\":{\"@id\":\"https:\\\/\\\/teambha.cz\\\/#\\\/schema\\\/logo\\\/image\\\/\"},\"sameAs\":[\"https:\\\/\\\/www.facebook.com\\\/teambhahokej\"]}]}<\/script>\n<!-- \/ Yoast SEO plugin. -->","yoast_head_json":{"title":"TEAMBHA Mikina bez kapuce - TEAMBHA","robots":{"index":"index","follow":"follow","max-snippet":"max-snippet:-1","max-image-preview":"max-image-preview:large","max-video-preview":"max-video-preview:-1"},"canonical":"https:\/\/teambha.cz\/en\/product\/teambha-mikina-bez-kapuce\/","og_locale":"en_GB","og_type":"article","og_title":"TEAMBHA Mikina bez kapuce - TEAMBHA","og_description":"Z\u00e1klad, kter\u00fd nos\u00ed\u0161 ka\u017ed\u00fd den. Na zim\u00e1k. Na tr\u00e9nink. Kamkoliv.","og_url":"https:\/\/teambha.cz\/en\/product\/teambha-mikina-bez-kapuce\/","og_site_name":"TEAMBHA","article_publisher":"https:\/\/www.facebook.com\/teambhahokej","article_modified_time":"2026-04-14T04:06:08+00:00","og_image":[{"width":1181,"height":1181,"url":"https:\/\/teambha.cz\/wp-content\/uploads\/2026\/03\/Bez-kapuce.png","type":"image\/png"}],"twitter_card":"summary_large_image","twitter_misc":{"Estimated reading time":"1 minute"},"schema":{"@context":"https:\/\/schema.org","@graph":[{"@type":"WebPage","@id":"https:\/\/teambha.cz\/en\/product\/teambha-mikina-bez-kapuce\/","url":"https:\/\/teambha.cz\/en\/product\/teambha-mikina-bez-kapuce\/","name":"TEAMBHA Mikina bez kapuce - TEAMBHA","isPartOf":{"@id":"https:\/\/teambha.cz\/#website"},"primaryImageOfPage":{"@id":"https:\/\/teambha.cz\/en\/product\/teambha-mikina-bez-kapuce\/#primaryimage"},"image":{"@id":"https:\/\/teambha.cz\/en\/product\/teambha-mikina-bez-kapuce\/#primaryimage"},"thumbnailUrl":"https:\/\/www.teambha.cz\/wp-content\/uploads\/2026\/03\/Bez-kapuce.png","datePublished":"2026-03-31T13:03:03+00:00","dateModified":"2026-04-14T04:06:08+00:00","breadcrumb":{"@id":"https:\/\/teambha.cz\/en\/product\/teambha-mikina-bez-kapuce\/#breadcrumb"},"inLanguage":"en-GB","potentialAction":[{"@type":"ReadAction","target":["https:\/\/teambha.cz\/en\/product\/teambha-mikina-bez-kapuce\/"]}]},{"@type":"ImageObject","inLanguage":"en-GB","@id":"https:\/\/teambha.cz\/en\/product\/teambha-mikina-bez-kapuce\/#primaryimage","url":"https:\/\/www.teambha.cz\/wp-content\/uploads\/2026\/03\/Bez-kapuce.png","contentUrl":"https:\/\/www.teambha.cz\/wp-content\/uploads\/2026\/03\/Bez-kapuce.png","width":1181,"height":1181},{"@type":"BreadcrumbList","@id":"https:\/\/teambha.cz\/en\/product\/teambha-mikina-bez-kapuce\/#breadcrumb","itemListElement":[{"@type":"ListItem","position":1,"name":"Dom\u016f","item":"https:\/\/www.teambha.cz\/"},{"@type":"ListItem","position":2,"name":"Obchod","item":"https:\/\/www.teambha.cz\/obchod\/"},{"@type":"ListItem","position":3,"name":"TEAMBHA Mikina bez kapuce"}]},{"@type":"WebSite","@id":"https:\/\/teambha.cz\/#website","url":"https:\/\/teambha.cz\/","name":"TEAMBHA","description":"Brank\u00e1\u0159sk\u00e1 hokejov\u00e1 akademie","publisher":{"@id":"https:\/\/teambha.cz\/#organization"},"potentialAction":[{"@type":"SearchAction","target":{"@type":"EntryPoint","urlTemplate":"https:\/\/teambha.cz\/?s={search_term_string}"},"query-input":{"@type":"PropertyValueSpecification","valueRequired":true,"valueName":"search_term_string"}}],"inLanguage":"en-GB"},{"@type":"Organization","@id":"https:\/\/teambha.cz\/#organization","name":"TEAMBHA","url":"https:\/\/teambha.cz\/","logo":{"@type":"ImageObject","inLanguage":"en-GB","@id":"https:\/\/teambha.cz\/#\/schema\/logo\/image\/","url":"https:\/\/teambha.cz\/wp-content\/uploads\/2023\/03\/Logo_teamBHA.svg","contentUrl":"https:\/\/teambha.cz\/wp-content\/uploads\/2023\/03\/Logo_teamBHA.svg","width":161,"height":208,"caption":"TEAMBHA"},"image":{"@id":"https:\/\/teambha.cz\/#\/schema\/logo\/image\/"},"sameAs":["https:\/\/www.facebook.com\/teambhahokej"]}]}},"_links":{"self":[{"href":"https:\/\/www.teambha.cz\/en\/wp-json\/wp\/v2\/product\/22245","targetHints":{"allow":["GET"]}}],"collection":[{"href":"https:\/\/www.teambha.cz\/en\/wp-json\/wp\/v2\/product"}],"about":[{"href":"https:\/\/www.teambha.cz\/en\/wp-json\/wp\/v2\/types\/product"}],"wp:featuredmedia":[{"embeddable":true,"href":"https:\/\/www.teambha.cz\/en\/wp-json\/wp\/v2\/media\/22247"}],"wp:attachment":[{"href":"https:\/\/www.teambha.cz\/en\/wp-json\/wp\/v2\/media?parent=22245"}],"wp:term":[{"taxonomy":"product_brand","embeddable":true,"href":"https:\/\/www.teambha.cz\/en\/wp-json\/wp\/v2\/product_brand?post=22245"},{"taxonomy":"product_cat","embeddable":true,"href":"https:\/\/www.teambha.cz\/en\/wp-json\/wp\/v2\/product_cat?post=22245"},{"taxonomy":"product_tag","embeddable":true,"href":"https:\/\/www.teambha.cz\/en\/wp-json\/wp\/v2\/product_tag?post=22245"}],"curies":[{"name":"wp","href":"https:\/\/api.w.org\/{rel}","templated":true}]}}