{"id":22267,"date":"2026-04-01T07:19:01","date_gmt":"2026-04-01T05:19:01","guid":{"rendered":"https:\/\/teambha.cz\/?post_type=product&#038;p=22267"},"modified":"2026-04-14T06:06:19","modified_gmt":"2026-04-14T04:06:19","slug":"teambha-kratasy","status":"publish","type":"product","link":"https:\/\/www.teambha.cz\/en\/product\/teambha-kratasy\/","title":{"rendered":"TEAMBHA Kra\u0165asy"},"content":{"rendered":"<p class=\"p1\">TEAMBHA d\u011btsk\u00e9 a p\u00e1nsk\u00e9 kra\u0165asy jsou ide\u00e1ln\u00ed volba pro ka\u017ed\u00e9ho mlad\u00e9ho brank\u00e1\u0159e mimo led.<\/p>\n<p class=\"p1\">Lehk\u00fd bavln\u011bn\u00fd materi\u00e1l zaji\u0161\u0165uje maxim\u00e1ln\u00ed pohodl\u00ed p\u0159i pohybu, tak\u017ee jsou perfektn\u00ed na suchou p\u0159\u00edpravu, letn\u00ed tr\u00e9ninky nebo b\u011b\u017en\u00e9 no\u0161en\u00ed. Elastick\u00fd pas se stahov\u00e1n\u00edm se p\u0159izp\u016fsob\u00ed ka\u017ed\u00e9 postav\u011b a dr\u017e\u00ed p\u0159esn\u011b tam, kde m\u00e1.<\/p>\n<p class=\"p1\">D\u00edky jednoduch\u00e9mu st\u0159ihu a praktick\u00fdm kaps\u00e1m jsou kra\u0165asy pohodln\u00e9 jak na sport, tak na ka\u017edodenn\u00ed fungov\u00e1n\u00ed \u2013 od tr\u00e9ninku a\u017e po cestu na zim\u00e1k.<\/p>\n<p class=\"p1\">Minimalistick\u00fd design s TEAMBHA logem navazuje na cel\u00fd brand \u2013 jednoduchost, funk\u010dnost a mindset.<\/p>\n<p class=\"p1\">Tohle jsou kra\u0165asy, kter\u00e9 d\u011bti nesundaj\u00ed cel\u00e9 l\u00e9to.<\/p>\n<p class=\"p1\"><span class=\"s1\"><b>Materi\u00e1l:<\/b><\/span> 100 % bavlna<span class=\"Apple-converted-space\">\u00a0 <\/span><\/p>\n<p class=\"p1\"><span class=\"s1\"><b>Gram\u00e1\u017e:<\/b><\/span> cca 250 g\/m\u00b2 \u2013 ide\u00e1ln\u00ed kombinace pohodl\u00ed a odolnosti<span class=\"Apple-converted-space\">\u00a0 <\/span><\/p>\n<p class=\"p1\"><span class=\"s1\"><b>Pas:<\/b><\/span> Elastick\u00fd + stahovac\u00ed \u0161\u0148\u016frka<span class=\"Apple-converted-space\">\u00a0 <\/span><\/p>\n<p class=\"p1\"><span class=\"s1\"><b>Kapsy:<\/b><\/span> Bo\u010dn\u00ed kapsy<span class=\"Apple-converted-space\">\u00a0 <\/span><\/p>\n<p class=\"p1\"><b>Vlastnosti:<\/b><b><\/b><\/p>\n<ul>\n<li class=\"p1\">lehk\u00e9 a prody\u0161n\u00e9<\/li>\n<li class=\"p1\">pohodln\u00e9 na pohyb<\/li>\n<li class=\"p1\">vhodn\u00e9 na sport i b\u011b\u017en\u00e9 no\u0161en\u00ed<span class=\"Apple-converted-space\">\u00a0<\/span><\/li>\n<\/ul>\n<p><strong>TABULKA VELIKOST\u00cd D\u011aTSK\u00c9 <a href=\"https:\/\/teambha.cz\/wp-content\/uploads\/2026\/04\/Tabulka-velikosti-detske-sortky.jpg\">ZDE<\/a><\/strong><\/p>\n<p><strong>TABULKA VELIKOST\u00cd P\u00c1NSK\u00c9 <a href=\"https:\/\/teambha.cz\/wp-content\/uploads\/2026\/04\/Tabulka-velikosti-panske-sortky.jpg\">ZDE<\/a><\/strong><\/p>","protected":false},"excerpt":{"rendered":"<p class=\"p1\">Na tr\u00e9nink. Na l\u00e9to. Na ka\u017ed\u00fd den.<\/p>","protected":false},"featured_media":22269,"template":"","meta":{"_acf_changed":false},"product_brand":[],"product_cat":[65,19],"product_tag":[],"class_list":{"0":"post-22267","1":"product","2":"type-product","3":"status-publish","4":"has-post-thumbnail","6":"product_cat-kratasy-mikiny","7":"product_cat-nezarazene","9":"first","10":"instock","11":"sale","12":"taxable","13":"shipping-taxable","14":"purchasable","15":"product-type-variable"},"acf":[],"yoast_head":"<!-- This site is optimized with the Yoast SEO plugin v27.4 - https:\/\/yoast.com\/product\/yoast-seo-wordpress\/ -->\n<title>TEAMBHA Kra\u0165asy - TEAMBHA<\/title>\n<meta name=\"robots\" content=\"index, follow, max-snippet:-1, max-image-preview:large, max-video-preview:-1\" \/>\n<link rel=\"canonical\" href=\"https:\/\/teambha.cz\/en\/product\/teambha-kratasy\/\" \/>\n<meta property=\"og:locale\" content=\"en_GB\" \/>\n<meta property=\"og:type\" content=\"article\" \/>\n<meta property=\"og:title\" content=\"TEAMBHA Kra\u0165asy - TEAMBHA\" \/>\n<meta property=\"og:description\" content=\"Na tr\u00e9nink. Na l\u00e9to. Na ka\u017ed\u00fd den.\" \/>\n<meta property=\"og:url\" content=\"https:\/\/teambha.cz\/en\/product\/teambha-kratasy\/\" \/>\n<meta property=\"og:site_name\" content=\"TEAMBHA\" \/>\n<meta property=\"article:publisher\" content=\"https:\/\/www.facebook.com\/teambhahokej\" \/>\n<meta property=\"article:modified_time\" content=\"2026-04-14T04:06:19+00:00\" \/>\n<meta property=\"og:image\" content=\"https:\/\/teambha.cz\/wp-content\/uploads\/2026\/04\/Kratasy.png\" \/>\n\t<meta property=\"og:image:width\" content=\"1181\" \/>\n\t<meta property=\"og:image:height\" content=\"1181\" \/>\n\t<meta property=\"og:image:type\" content=\"image\/png\" \/>\n<meta name=\"twitter:card\" content=\"summary_large_image\" \/>\n<meta name=\"twitter:label1\" content=\"Estimated reading time\" \/>\n\t<meta name=\"twitter:data1\" content=\"1 minute\" \/>\n<script type=\"application\/ld+json\" class=\"yoast-schema-graph\">{\"@context\":\"https:\\\/\\\/schema.org\",\"@graph\":[{\"@type\":\"WebPage\",\"@id\":\"https:\\\/\\\/teambha.cz\\\/en\\\/product\\\/teambha-kratasy\\\/\",\"url\":\"https:\\\/\\\/teambha.cz\\\/en\\\/product\\\/teambha-kratasy\\\/\",\"name\":\"TEAMBHA Kra\u0165asy - TEAMBHA\",\"isPartOf\":{\"@id\":\"https:\\\/\\\/teambha.cz\\\/#website\"},\"primaryImageOfPage\":{\"@id\":\"https:\\\/\\\/teambha.cz\\\/en\\\/product\\\/teambha-kratasy\\\/#primaryimage\"},\"image\":{\"@id\":\"https:\\\/\\\/teambha.cz\\\/en\\\/product\\\/teambha-kratasy\\\/#primaryimage\"},\"thumbnailUrl\":\"https:\\\/\\\/www.teambha.cz\\\/wp-content\\\/uploads\\\/2026\\\/04\\\/Kratasy.png\",\"datePublished\":\"2026-04-01T05:19:01+00:00\",\"dateModified\":\"2026-04-14T04:06:19+00:00\",\"breadcrumb\":{\"@id\":\"https:\\\/\\\/teambha.cz\\\/en\\\/product\\\/teambha-kratasy\\\/#breadcrumb\"},\"inLanguage\":\"en-GB\",\"potentialAction\":[{\"@type\":\"ReadAction\",\"target\":[\"https:\\\/\\\/teambha.cz\\\/en\\\/product\\\/teambha-kratasy\\\/\"]}]},{\"@type\":\"ImageObject\",\"inLanguage\":\"en-GB\",\"@id\":\"https:\\\/\\\/teambha.cz\\\/en\\\/product\\\/teambha-kratasy\\\/#primaryimage\",\"url\":\"https:\\\/\\\/www.teambha.cz\\\/wp-content\\\/uploads\\\/2026\\\/04\\\/Kratasy.png\",\"contentUrl\":\"https:\\\/\\\/www.teambha.cz\\\/wp-content\\\/uploads\\\/2026\\\/04\\\/Kratasy.png\",\"width\":1181,\"height\":1181},{\"@type\":\"BreadcrumbList\",\"@id\":\"https:\\\/\\\/teambha.cz\\\/en\\\/product\\\/teambha-kratasy\\\/#breadcrumb\",\"itemListElement\":[{\"@type\":\"ListItem\",\"position\":1,\"name\":\"Dom\u016f\",\"item\":\"https:\\\/\\\/www.teambha.cz\\\/\"},{\"@type\":\"ListItem\",\"position\":2,\"name\":\"Obchod\",\"item\":\"https:\\\/\\\/www.teambha.cz\\\/obchod\\\/\"},{\"@type\":\"ListItem\",\"position\":3,\"name\":\"TEAMBHA Kra\u0165asy\"}]},{\"@type\":\"WebSite\",\"@id\":\"https:\\\/\\\/teambha.cz\\\/#website\",\"url\":\"https:\\\/\\\/teambha.cz\\\/\",\"name\":\"TEAMBHA\",\"description\":\"Brank\u00e1\u0159sk\u00e1 hokejov\u00e1 akademie\",\"publisher\":{\"@id\":\"https:\\\/\\\/teambha.cz\\\/#organization\"},\"potentialAction\":[{\"@type\":\"SearchAction\",\"target\":{\"@type\":\"EntryPoint\",\"urlTemplate\":\"https:\\\/\\\/teambha.cz\\\/?s={search_term_string}\"},\"query-input\":{\"@type\":\"PropertyValueSpecification\",\"valueRequired\":true,\"valueName\":\"search_term_string\"}}],\"inLanguage\":\"en-GB\"},{\"@type\":\"Organization\",\"@id\":\"https:\\\/\\\/teambha.cz\\\/#organization\",\"name\":\"TEAMBHA\",\"url\":\"https:\\\/\\\/teambha.cz\\\/\",\"logo\":{\"@type\":\"ImageObject\",\"inLanguage\":\"en-GB\",\"@id\":\"https:\\\/\\\/teambha.cz\\\/#\\\/schema\\\/logo\\\/image\\\/\",\"url\":\"https:\\\/\\\/teambha.cz\\\/wp-content\\\/uploads\\\/2023\\\/03\\\/Logo_teamBHA.svg\",\"contentUrl\":\"https:\\\/\\\/teambha.cz\\\/wp-content\\\/uploads\\\/2023\\\/03\\\/Logo_teamBHA.svg\",\"width\":161,\"height\":208,\"caption\":\"TEAMBHA\"},\"image\":{\"@id\":\"https:\\\/\\\/teambha.cz\\\/#\\\/schema\\\/logo\\\/image\\\/\"},\"sameAs\":[\"https:\\\/\\\/www.facebook.com\\\/teambhahokej\"]}]}<\/script>\n<!-- \/ Yoast SEO plugin. -->","yoast_head_json":{"title":"TEAMBHA Kra\u0165asy - TEAMBHA","robots":{"index":"index","follow":"follow","max-snippet":"max-snippet:-1","max-image-preview":"max-image-preview:large","max-video-preview":"max-video-preview:-1"},"canonical":"https:\/\/teambha.cz\/en\/product\/teambha-kratasy\/","og_locale":"en_GB","og_type":"article","og_title":"TEAMBHA Kra\u0165asy - TEAMBHA","og_description":"Na tr\u00e9nink. Na l\u00e9to. Na ka\u017ed\u00fd den.","og_url":"https:\/\/teambha.cz\/en\/product\/teambha-kratasy\/","og_site_name":"TEAMBHA","article_publisher":"https:\/\/www.facebook.com\/teambhahokej","article_modified_time":"2026-04-14T04:06:19+00:00","og_image":[{"width":1181,"height":1181,"url":"https:\/\/teambha.cz\/wp-content\/uploads\/2026\/04\/Kratasy.png","type":"image\/png"}],"twitter_card":"summary_large_image","twitter_misc":{"Estimated reading time":"1 minute"},"schema":{"@context":"https:\/\/schema.org","@graph":[{"@type":"WebPage","@id":"https:\/\/teambha.cz\/en\/product\/teambha-kratasy\/","url":"https:\/\/teambha.cz\/en\/product\/teambha-kratasy\/","name":"TEAMBHA Kra\u0165asy - TEAMBHA","isPartOf":{"@id":"https:\/\/teambha.cz\/#website"},"primaryImageOfPage":{"@id":"https:\/\/teambha.cz\/en\/product\/teambha-kratasy\/#primaryimage"},"image":{"@id":"https:\/\/teambha.cz\/en\/product\/teambha-kratasy\/#primaryimage"},"thumbnailUrl":"https:\/\/www.teambha.cz\/wp-content\/uploads\/2026\/04\/Kratasy.png","datePublished":"2026-04-01T05:19:01+00:00","dateModified":"2026-04-14T04:06:19+00:00","breadcrumb":{"@id":"https:\/\/teambha.cz\/en\/product\/teambha-kratasy\/#breadcrumb"},"inLanguage":"en-GB","potentialAction":[{"@type":"ReadAction","target":["https:\/\/teambha.cz\/en\/product\/teambha-kratasy\/"]}]},{"@type":"ImageObject","inLanguage":"en-GB","@id":"https:\/\/teambha.cz\/en\/product\/teambha-kratasy\/#primaryimage","url":"https:\/\/www.teambha.cz\/wp-content\/uploads\/2026\/04\/Kratasy.png","contentUrl":"https:\/\/www.teambha.cz\/wp-content\/uploads\/2026\/04\/Kratasy.png","width":1181,"height":1181},{"@type":"BreadcrumbList","@id":"https:\/\/teambha.cz\/en\/product\/teambha-kratasy\/#breadcrumb","itemListElement":[{"@type":"ListItem","position":1,"name":"Dom\u016f","item":"https:\/\/www.teambha.cz\/"},{"@type":"ListItem","position":2,"name":"Obchod","item":"https:\/\/www.teambha.cz\/obchod\/"},{"@type":"ListItem","position":3,"name":"TEAMBHA Kra\u0165asy"}]},{"@type":"WebSite","@id":"https:\/\/teambha.cz\/#website","url":"https:\/\/teambha.cz\/","name":"TEAMBHA","description":"Brank\u00e1\u0159sk\u00e1 hokejov\u00e1 akademie","publisher":{"@id":"https:\/\/teambha.cz\/#organization"},"potentialAction":[{"@type":"SearchAction","target":{"@type":"EntryPoint","urlTemplate":"https:\/\/teambha.cz\/?s={search_term_string}"},"query-input":{"@type":"PropertyValueSpecification","valueRequired":true,"valueName":"search_term_string"}}],"inLanguage":"en-GB"},{"@type":"Organization","@id":"https:\/\/teambha.cz\/#organization","name":"TEAMBHA","url":"https:\/\/teambha.cz\/","logo":{"@type":"ImageObject","inLanguage":"en-GB","@id":"https:\/\/teambha.cz\/#\/schema\/logo\/image\/","url":"https:\/\/teambha.cz\/wp-content\/uploads\/2023\/03\/Logo_teamBHA.svg","contentUrl":"https:\/\/teambha.cz\/wp-content\/uploads\/2023\/03\/Logo_teamBHA.svg","width":161,"height":208,"caption":"TEAMBHA"},"image":{"@id":"https:\/\/teambha.cz\/#\/schema\/logo\/image\/"},"sameAs":["https:\/\/www.facebook.com\/teambhahokej"]}]}},"_links":{"self":[{"href":"https:\/\/www.teambha.cz\/en\/wp-json\/wp\/v2\/product\/22267","targetHints":{"allow":["GET"]}}],"collection":[{"href":"https:\/\/www.teambha.cz\/en\/wp-json\/wp\/v2\/product"}],"about":[{"href":"https:\/\/www.teambha.cz\/en\/wp-json\/wp\/v2\/types\/product"}],"wp:featuredmedia":[{"embeddable":true,"href":"https:\/\/www.teambha.cz\/en\/wp-json\/wp\/v2\/media\/22269"}],"wp:attachment":[{"href":"https:\/\/www.teambha.cz\/en\/wp-json\/wp\/v2\/media?parent=22267"}],"wp:term":[{"taxonomy":"product_brand","embeddable":true,"href":"https:\/\/www.teambha.cz\/en\/wp-json\/wp\/v2\/product_brand?post=22267"},{"taxonomy":"product_cat","embeddable":true,"href":"https:\/\/www.teambha.cz\/en\/wp-json\/wp\/v2\/product_cat?post=22267"},{"taxonomy":"product_tag","embeddable":true,"href":"https:\/\/www.teambha.cz\/en\/wp-json\/wp\/v2\/product_tag?post=22267"}],"curies":[{"name":"wp","href":"https:\/\/api.w.org\/{rel}","templated":true}]}}