{"id":616,"date":"2023-06-14T14:34:51","date_gmt":"2023-06-14T12:34:51","guid":{"rendered":"http:\/\/teambha.cz\/?post_type=product&#038;p=616"},"modified":"2026-04-04T08:39:37","modified_gmt":"2026-04-04T06:39:37","slug":"koberecek-teambha","status":"publish","type":"product","link":"https:\/\/www.teambha.cz\/en\/product\/koberecek-teambha\/","title":{"rendered":"KOBERE\u010cEK TEAMBHA"},"content":{"rendered":"<p>Kobere\u010dek s protiskluzovou \u00fapravou a s \u010dern\u00fdm gumov\u00fdm okrajem, vhodn\u00fd nap\u0159. do \u0161atny p\u0159ed sk\u0159\u00ednky hr\u00e1\u010d\u016f \u010di prost\u011b p\u0159ed m\u00edstnost jako roho\u017eka.<\/p>","protected":false},"excerpt":{"rendered":"<p>Kobere\u010dek s protiskluzovou \u00fapravou a s \u010dern\u00fdm gumov\u00fdm okrajem, vhodn\u00fd nap\u0159. do \u0161atny p\u0159ed sk\u0159\u00ednky hr\u00e1\u010d\u016f \u010di prost\u011b p\u0159ed m\u00edstnost jako roho\u017eka.<\/p>","protected":false},"featured_media":1745,"template":"","meta":{"_acf_changed":false},"product_brand":[],"product_cat":[19,68],"product_tag":[],"class_list":{"0":"post-616","1":"product","2":"type-product","3":"status-publish","4":"has-post-thumbnail","6":"product_cat-nezarazene","7":"product_cat-ostatni","9":"first","10":"instock","11":"taxable","12":"shipping-taxable","13":"purchasable","14":"product-type-simple"},"acf":[],"yoast_head":"<!-- This site is optimized with the Yoast SEO plugin v27.4 - https:\/\/yoast.com\/product\/yoast-seo-wordpress\/ -->\n<title>KOBERE\u010cEK TEAMBHA - TEAMBHA<\/title>\n<meta name=\"robots\" content=\"index, follow, max-snippet:-1, max-image-preview:large, max-video-preview:-1\" \/>\n<link rel=\"canonical\" href=\"https:\/\/www.teambha.cz\/en\/product\/koberecek-teambha\/\" \/>\n<meta property=\"og:locale\" content=\"en_GB\" \/>\n<meta property=\"og:type\" content=\"article\" \/>\n<meta property=\"og:title\" content=\"KOBERE\u010cEK TEAMBHA - TEAMBHA\" \/>\n<meta property=\"og:description\" content=\"Kobere\u010dek s protiskluzovou \u00fapravou a s \u010dern\u00fdm gumov\u00fdm okrajem, vhodn\u00fd nap\u0159. do \u0161atny p\u0159ed sk\u0159\u00ednky hr\u00e1\u010d\u016f \u010di prost\u011b p\u0159ed m\u00edstnost jako roho\u017eka.\" \/>\n<meta property=\"og:url\" content=\"https:\/\/www.teambha.cz\/en\/product\/koberecek-teambha\/\" \/>\n<meta property=\"og:site_name\" content=\"TEAMBHA\" \/>\n<meta property=\"article:publisher\" content=\"https:\/\/www.facebook.com\/teambhahokej\" \/>\n<meta property=\"article:modified_time\" content=\"2026-04-04T06:39:37+00:00\" \/>\n<meta property=\"og:image\" content=\"https:\/\/www.teambha.cz\/wp-content\/uploads\/2023\/07\/KOBERECEK.webp\" \/>\n\t<meta property=\"og:image:width\" content=\"2268\" \/>\n\t<meta property=\"og:image:height\" content=\"2268\" \/>\n\t<meta property=\"og:image:type\" content=\"image\/webp\" \/>\n<meta name=\"twitter:card\" content=\"summary_large_image\" \/>\n<meta name=\"twitter:label1\" content=\"Estimated reading time\" \/>\n\t<meta name=\"twitter:data1\" content=\"1 minute\" \/>\n<script type=\"application\/ld+json\" class=\"yoast-schema-graph\">{\"@context\":\"https:\\\/\\\/schema.org\",\"@graph\":[{\"@type\":\"WebPage\",\"@id\":\"https:\\\/\\\/www.teambha.cz\\\/produkt\\\/koberecek-teambha\\\/\",\"url\":\"https:\\\/\\\/www.teambha.cz\\\/produkt\\\/koberecek-teambha\\\/\",\"name\":\"KOBERE\u010cEK TEAMBHA - TEAMBHA\",\"isPartOf\":{\"@id\":\"https:\\\/\\\/teambha.cz\\\/#website\"},\"primaryImageOfPage\":{\"@id\":\"https:\\\/\\\/www.teambha.cz\\\/produkt\\\/koberecek-teambha\\\/#primaryimage\"},\"image\":{\"@id\":\"https:\\\/\\\/www.teambha.cz\\\/produkt\\\/koberecek-teambha\\\/#primaryimage\"},\"thumbnailUrl\":\"https:\\\/\\\/www.teambha.cz\\\/wp-content\\\/uploads\\\/2023\\\/07\\\/KOBERECEK.webp\",\"datePublished\":\"2023-06-14T12:34:51+00:00\",\"dateModified\":\"2026-04-04T06:39:37+00:00\",\"breadcrumb\":{\"@id\":\"https:\\\/\\\/www.teambha.cz\\\/produkt\\\/koberecek-teambha\\\/#breadcrumb\"},\"inLanguage\":\"en-GB\",\"potentialAction\":[{\"@type\":\"ReadAction\",\"target\":[\"https:\\\/\\\/www.teambha.cz\\\/produkt\\\/koberecek-teambha\\\/\"]}]},{\"@type\":\"ImageObject\",\"inLanguage\":\"en-GB\",\"@id\":\"https:\\\/\\\/www.teambha.cz\\\/produkt\\\/koberecek-teambha\\\/#primaryimage\",\"url\":\"https:\\\/\\\/www.teambha.cz\\\/wp-content\\\/uploads\\\/2023\\\/07\\\/KOBERECEK.webp\",\"contentUrl\":\"https:\\\/\\\/www.teambha.cz\\\/wp-content\\\/uploads\\\/2023\\\/07\\\/KOBERECEK.webp\",\"width\":2268,\"height\":2268},{\"@type\":\"BreadcrumbList\",\"@id\":\"https:\\\/\\\/www.teambha.cz\\\/produkt\\\/koberecek-teambha\\\/#breadcrumb\",\"itemListElement\":[{\"@type\":\"ListItem\",\"position\":1,\"name\":\"Dom\u016f\",\"item\":\"https:\\\/\\\/www.teambha.cz\\\/\"},{\"@type\":\"ListItem\",\"position\":2,\"name\":\"Obchod\",\"item\":\"https:\\\/\\\/www.teambha.cz\\\/obchod\\\/\"},{\"@type\":\"ListItem\",\"position\":3,\"name\":\"KOBERE\u010cEK TEAMBHA\"}]},{\"@type\":\"WebSite\",\"@id\":\"https:\\\/\\\/teambha.cz\\\/#website\",\"url\":\"https:\\\/\\\/teambha.cz\\\/\",\"name\":\"TEAMBHA\",\"description\":\"Brank\u00e1\u0159sk\u00e1 hokejov\u00e1 akademie\",\"publisher\":{\"@id\":\"https:\\\/\\\/teambha.cz\\\/#organization\"},\"potentialAction\":[{\"@type\":\"SearchAction\",\"target\":{\"@type\":\"EntryPoint\",\"urlTemplate\":\"https:\\\/\\\/teambha.cz\\\/?s={search_term_string}\"},\"query-input\":{\"@type\":\"PropertyValueSpecification\",\"valueRequired\":true,\"valueName\":\"search_term_string\"}}],\"inLanguage\":\"en-GB\"},{\"@type\":\"Organization\",\"@id\":\"https:\\\/\\\/teambha.cz\\\/#organization\",\"name\":\"TEAMBHA\",\"url\":\"https:\\\/\\\/teambha.cz\\\/\",\"logo\":{\"@type\":\"ImageObject\",\"inLanguage\":\"en-GB\",\"@id\":\"https:\\\/\\\/teambha.cz\\\/#\\\/schema\\\/logo\\\/image\\\/\",\"url\":\"https:\\\/\\\/teambha.cz\\\/wp-content\\\/uploads\\\/2023\\\/03\\\/Logo_teamBHA.svg\",\"contentUrl\":\"https:\\\/\\\/teambha.cz\\\/wp-content\\\/uploads\\\/2023\\\/03\\\/Logo_teamBHA.svg\",\"width\":161,\"height\":208,\"caption\":\"TEAMBHA\"},\"image\":{\"@id\":\"https:\\\/\\\/teambha.cz\\\/#\\\/schema\\\/logo\\\/image\\\/\"},\"sameAs\":[\"https:\\\/\\\/www.facebook.com\\\/teambhahokej\"]}]}<\/script>\n<!-- \/ Yoast SEO plugin. -->","yoast_head_json":{"title":"KOBERE\u010cEK TEAMBHA - TEAMBHA","robots":{"index":"index","follow":"follow","max-snippet":"max-snippet:-1","max-image-preview":"max-image-preview:large","max-video-preview":"max-video-preview:-1"},"canonical":"https:\/\/www.teambha.cz\/en\/product\/koberecek-teambha\/","og_locale":"en_GB","og_type":"article","og_title":"KOBERE\u010cEK TEAMBHA - TEAMBHA","og_description":"Kobere\u010dek s protiskluzovou \u00fapravou a s \u010dern\u00fdm gumov\u00fdm okrajem, vhodn\u00fd nap\u0159. do \u0161atny p\u0159ed sk\u0159\u00ednky hr\u00e1\u010d\u016f \u010di prost\u011b p\u0159ed m\u00edstnost jako roho\u017eka.","og_url":"https:\/\/www.teambha.cz\/en\/product\/koberecek-teambha\/","og_site_name":"TEAMBHA","article_publisher":"https:\/\/www.facebook.com\/teambhahokej","article_modified_time":"2026-04-04T06:39:37+00:00","og_image":[{"width":2268,"height":2268,"url":"https:\/\/www.teambha.cz\/wp-content\/uploads\/2023\/07\/KOBERECEK.webp","type":"image\/webp"}],"twitter_card":"summary_large_image","twitter_misc":{"Estimated reading time":"1 minute"},"schema":{"@context":"https:\/\/schema.org","@graph":[{"@type":"WebPage","@id":"https:\/\/www.teambha.cz\/produkt\/koberecek-teambha\/","url":"https:\/\/www.teambha.cz\/produkt\/koberecek-teambha\/","name":"KOBERE\u010cEK TEAMBHA - TEAMBHA","isPartOf":{"@id":"https:\/\/teambha.cz\/#website"},"primaryImageOfPage":{"@id":"https:\/\/www.teambha.cz\/produkt\/koberecek-teambha\/#primaryimage"},"image":{"@id":"https:\/\/www.teambha.cz\/produkt\/koberecek-teambha\/#primaryimage"},"thumbnailUrl":"https:\/\/www.teambha.cz\/wp-content\/uploads\/2023\/07\/KOBERECEK.webp","datePublished":"2023-06-14T12:34:51+00:00","dateModified":"2026-04-04T06:39:37+00:00","breadcrumb":{"@id":"https:\/\/www.teambha.cz\/produkt\/koberecek-teambha\/#breadcrumb"},"inLanguage":"en-GB","potentialAction":[{"@type":"ReadAction","target":["https:\/\/www.teambha.cz\/produkt\/koberecek-teambha\/"]}]},{"@type":"ImageObject","inLanguage":"en-GB","@id":"https:\/\/www.teambha.cz\/produkt\/koberecek-teambha\/#primaryimage","url":"https:\/\/www.teambha.cz\/wp-content\/uploads\/2023\/07\/KOBERECEK.webp","contentUrl":"https:\/\/www.teambha.cz\/wp-content\/uploads\/2023\/07\/KOBERECEK.webp","width":2268,"height":2268},{"@type":"BreadcrumbList","@id":"https:\/\/www.teambha.cz\/produkt\/koberecek-teambha\/#breadcrumb","itemListElement":[{"@type":"ListItem","position":1,"name":"Dom\u016f","item":"https:\/\/www.teambha.cz\/"},{"@type":"ListItem","position":2,"name":"Obchod","item":"https:\/\/www.teambha.cz\/obchod\/"},{"@type":"ListItem","position":3,"name":"KOBERE\u010cEK TEAMBHA"}]},{"@type":"WebSite","@id":"https:\/\/teambha.cz\/#website","url":"https:\/\/teambha.cz\/","name":"TEAMBHA","description":"Brank\u00e1\u0159sk\u00e1 hokejov\u00e1 akademie","publisher":{"@id":"https:\/\/teambha.cz\/#organization"},"potentialAction":[{"@type":"SearchAction","target":{"@type":"EntryPoint","urlTemplate":"https:\/\/teambha.cz\/?s={search_term_string}"},"query-input":{"@type":"PropertyValueSpecification","valueRequired":true,"valueName":"search_term_string"}}],"inLanguage":"en-GB"},{"@type":"Organization","@id":"https:\/\/teambha.cz\/#organization","name":"TEAMBHA","url":"https:\/\/teambha.cz\/","logo":{"@type":"ImageObject","inLanguage":"en-GB","@id":"https:\/\/teambha.cz\/#\/schema\/logo\/image\/","url":"https:\/\/teambha.cz\/wp-content\/uploads\/2023\/03\/Logo_teamBHA.svg","contentUrl":"https:\/\/teambha.cz\/wp-content\/uploads\/2023\/03\/Logo_teamBHA.svg","width":161,"height":208,"caption":"TEAMBHA"},"image":{"@id":"https:\/\/teambha.cz\/#\/schema\/logo\/image\/"},"sameAs":["https:\/\/www.facebook.com\/teambhahokej"]}]}},"_links":{"self":[{"href":"https:\/\/www.teambha.cz\/en\/wp-json\/wp\/v2\/product\/616","targetHints":{"allow":["GET"]}}],"collection":[{"href":"https:\/\/www.teambha.cz\/en\/wp-json\/wp\/v2\/product"}],"about":[{"href":"https:\/\/www.teambha.cz\/en\/wp-json\/wp\/v2\/types\/product"}],"wp:featuredmedia":[{"embeddable":true,"href":"https:\/\/www.teambha.cz\/en\/wp-json\/wp\/v2\/media\/1745"}],"wp:attachment":[{"href":"https:\/\/www.teambha.cz\/en\/wp-json\/wp\/v2\/media?parent=616"}],"wp:term":[{"taxonomy":"product_brand","embeddable":true,"href":"https:\/\/www.teambha.cz\/en\/wp-json\/wp\/v2\/product_brand?post=616"},{"taxonomy":"product_cat","embeddable":true,"href":"https:\/\/www.teambha.cz\/en\/wp-json\/wp\/v2\/product_cat?post=616"},{"taxonomy":"product_tag","embeddable":true,"href":"https:\/\/www.teambha.cz\/en\/wp-json\/wp\/v2\/product_tag?post=616"}],"curies":[{"name":"wp","href":"https:\/\/api.w.org\/{rel}","templated":true}]}}