{"id":656,"date":"2023-09-22T17:55:01","date_gmt":"2023-09-22T15:55:01","guid":{"rendered":"http:\/\/teambha.cz\/?post_type=product&#038;p=656"},"modified":"2026-04-04T09:29:06","modified_gmt":"2026-04-04T07:29:06","slug":"kalhoty-ccm-perf-compression-x","status":"publish","type":"product","link":"https:\/\/www.teambha.cz\/en\/product\/kalhoty-ccm-perf-compression-x\/","title":{"rendered":"KALHOTY CCM PERF COMPRESSION X TEAMBHA"},"content":{"rendered":"<p><strong>VLASTNOSTI<\/strong>: Funk\u010dn\u00ed kompresn\u00ed kalhoty.\u00a0Odoln\u00e9 proti z\u00e1pachu. Odv\u00e1d\u00ed vlhkost.\u00a0Sublimovan\u00e1 n\u00e1\u0161ivka TEAMBHA.<\/p>\n<p><strong>BARVA<\/strong>: \u010cern\u00e1<\/p>\n<p><strong>SLO\u017dEN\u00cd<\/strong>:\u00a085 % polyester \/ 15 % Spandex<\/p>\n<p><a href=\"https:\/\/www.teambha.cz\/wp-content\/uploads\/2023\/08\/Miry-CCM-Final-2022.jpg\">Tabulka velikost\u00ed CCM<\/a><\/p>\n<p>DODAN\u00cd LEDEN 2024 !!<\/p>","protected":false},"excerpt":{"rendered":"<p><strong>VLASTNOSTI<\/strong>: Funk\u010dn\u00ed kompresn\u00ed kalhoty.\u00a0Odoln\u00e9 proti z\u00e1pachu. Odv\u00e1d\u00ed vlhkost.\u00a0Sublimovan\u00e1 n\u00e1\u0161ivka TEAMBHA.<\/p>\n<p><strong>BARVA<\/strong>: \u010cern\u00e1<\/p>\n<p><strong>SLO\u017dEN\u00cd<\/strong>:\u00a085 % polyester \/ 15 % Spandex<br \/>\n<a href=\"https:\/\/www.teambha.cz\/wp-content\/uploads\/2023\/08\/Miry-CCM-Final-2022.jpg\">Tabulka velikost\u00ed CCM<\/a><\/p>","protected":false},"featured_media":7312,"template":"","meta":{"_acf_changed":false},"product_brand":[],"product_cat":[19,67],"product_tag":[],"class_list":{"0":"post-656","1":"product","2":"type-product","3":"status-publish","4":"has-post-thumbnail","6":"product_cat-nezarazene","7":"product_cat-ribano","9":"first","10":"instock","11":"sale","12":"taxable","13":"shipping-taxable","14":"purchasable","15":"product-type-variable"},"acf":[],"yoast_head":"<!-- This site is optimized with the Yoast SEO plugin v27.4 - https:\/\/yoast.com\/product\/yoast-seo-wordpress\/ -->\n<title>KALHOTY CCM PERF COMPRESSION X TEAMBHA - TEAMBHA<\/title>\n<meta name=\"robots\" content=\"index, follow, max-snippet:-1, max-image-preview:large, max-video-preview:-1\" \/>\n<link rel=\"canonical\" href=\"https:\/\/teambha.cz\/en\/product\/kalhoty-ccm-perf-compression-x\/\" \/>\n<meta property=\"og:locale\" content=\"en_GB\" \/>\n<meta property=\"og:type\" content=\"article\" \/>\n<meta property=\"og:title\" content=\"KALHOTY CCM PERF COMPRESSION X TEAMBHA - TEAMBHA\" \/>\n<meta property=\"og:description\" content=\"VLASTNOSTI: Funk\u010dn\u00ed kompresn\u00ed kalhoty.\u00a0Odoln\u00e9 proti z\u00e1pachu. Odv\u00e1d\u00ed vlhkost.\u00a0Sublimovan\u00e1 n\u00e1\u0161ivka TEAMBHA.  BARVA: \u010cern\u00e1  SLO\u017dEN\u00cd:\u00a085 % polyester \/ 15 % Spandex Tabulka velikost\u00ed CCM\" \/>\n<meta property=\"og:url\" content=\"https:\/\/teambha.cz\/en\/product\/kalhoty-ccm-perf-compression-x\/\" \/>\n<meta property=\"og:site_name\" content=\"TEAMBHA\" \/>\n<meta property=\"article:publisher\" content=\"https:\/\/www.facebook.com\/teambhahokej\" \/>\n<meta property=\"article:modified_time\" content=\"2026-04-04T07:29:06+00:00\" \/>\n<meta property=\"og:image\" content=\"https:\/\/teambha.cz\/wp-content\/uploads\/2023\/09\/Spodek-nove-logo.webp\" \/>\n\t<meta property=\"og:image:width\" content=\"1080\" \/>\n\t<meta property=\"og:image:height\" content=\"1080\" \/>\n\t<meta property=\"og:image:type\" content=\"image\/webp\" \/>\n<meta name=\"twitter:card\" content=\"summary_large_image\" \/>\n<meta name=\"twitter:label1\" content=\"Estimated reading time\" \/>\n\t<meta name=\"twitter:data1\" content=\"1 minute\" \/>\n<script type=\"application\/ld+json\" class=\"yoast-schema-graph\">{\"@context\":\"https:\\\/\\\/schema.org\",\"@graph\":[{\"@type\":\"WebPage\",\"@id\":\"https:\\\/\\\/teambha.cz\\\/en\\\/product\\\/kalhoty-ccm-perf-compression-x\\\/\",\"url\":\"https:\\\/\\\/teambha.cz\\\/en\\\/product\\\/kalhoty-ccm-perf-compression-x\\\/\",\"name\":\"KALHOTY CCM PERF COMPRESSION X TEAMBHA - TEAMBHA\",\"isPartOf\":{\"@id\":\"https:\\\/\\\/teambha.cz\\\/#website\"},\"primaryImageOfPage\":{\"@id\":\"https:\\\/\\\/teambha.cz\\\/en\\\/product\\\/kalhoty-ccm-perf-compression-x\\\/#primaryimage\"},\"image\":{\"@id\":\"https:\\\/\\\/teambha.cz\\\/en\\\/product\\\/kalhoty-ccm-perf-compression-x\\\/#primaryimage\"},\"thumbnailUrl\":\"https:\\\/\\\/www.teambha.cz\\\/wp-content\\\/uploads\\\/2023\\\/09\\\/Spodek-nove-logo.webp\",\"datePublished\":\"2023-09-22T15:55:01+00:00\",\"dateModified\":\"2026-04-04T07:29:06+00:00\",\"breadcrumb\":{\"@id\":\"https:\\\/\\\/teambha.cz\\\/en\\\/product\\\/kalhoty-ccm-perf-compression-x\\\/#breadcrumb\"},\"inLanguage\":\"en-GB\",\"potentialAction\":[{\"@type\":\"ReadAction\",\"target\":[\"https:\\\/\\\/teambha.cz\\\/en\\\/product\\\/kalhoty-ccm-perf-compression-x\\\/\"]}]},{\"@type\":\"ImageObject\",\"inLanguage\":\"en-GB\",\"@id\":\"https:\\\/\\\/teambha.cz\\\/en\\\/product\\\/kalhoty-ccm-perf-compression-x\\\/#primaryimage\",\"url\":\"https:\\\/\\\/www.teambha.cz\\\/wp-content\\\/uploads\\\/2023\\\/09\\\/Spodek-nove-logo.webp\",\"contentUrl\":\"https:\\\/\\\/www.teambha.cz\\\/wp-content\\\/uploads\\\/2023\\\/09\\\/Spodek-nove-logo.webp\",\"width\":1080,\"height\":1080},{\"@type\":\"BreadcrumbList\",\"@id\":\"https:\\\/\\\/teambha.cz\\\/en\\\/product\\\/kalhoty-ccm-perf-compression-x\\\/#breadcrumb\",\"itemListElement\":[{\"@type\":\"ListItem\",\"position\":1,\"name\":\"Dom\u016f\",\"item\":\"https:\\\/\\\/www.teambha.cz\\\/\"},{\"@type\":\"ListItem\",\"position\":2,\"name\":\"Obchod\",\"item\":\"https:\\\/\\\/www.teambha.cz\\\/obchod\\\/\"},{\"@type\":\"ListItem\",\"position\":3,\"name\":\"KALHOTY CCM PERF COMPRESSION X TEAMBHA\"}]},{\"@type\":\"WebSite\",\"@id\":\"https:\\\/\\\/teambha.cz\\\/#website\",\"url\":\"https:\\\/\\\/teambha.cz\\\/\",\"name\":\"TEAMBHA\",\"description\":\"Brank\u00e1\u0159sk\u00e1 hokejov\u00e1 akademie\",\"publisher\":{\"@id\":\"https:\\\/\\\/teambha.cz\\\/#organization\"},\"potentialAction\":[{\"@type\":\"SearchAction\",\"target\":{\"@type\":\"EntryPoint\",\"urlTemplate\":\"https:\\\/\\\/teambha.cz\\\/?s={search_term_string}\"},\"query-input\":{\"@type\":\"PropertyValueSpecification\",\"valueRequired\":true,\"valueName\":\"search_term_string\"}}],\"inLanguage\":\"en-GB\"},{\"@type\":\"Organization\",\"@id\":\"https:\\\/\\\/teambha.cz\\\/#organization\",\"name\":\"TEAMBHA\",\"url\":\"https:\\\/\\\/teambha.cz\\\/\",\"logo\":{\"@type\":\"ImageObject\",\"inLanguage\":\"en-GB\",\"@id\":\"https:\\\/\\\/teambha.cz\\\/#\\\/schema\\\/logo\\\/image\\\/\",\"url\":\"https:\\\/\\\/teambha.cz\\\/wp-content\\\/uploads\\\/2023\\\/03\\\/Logo_teamBHA.svg\",\"contentUrl\":\"https:\\\/\\\/teambha.cz\\\/wp-content\\\/uploads\\\/2023\\\/03\\\/Logo_teamBHA.svg\",\"width\":161,\"height\":208,\"caption\":\"TEAMBHA\"},\"image\":{\"@id\":\"https:\\\/\\\/teambha.cz\\\/#\\\/schema\\\/logo\\\/image\\\/\"},\"sameAs\":[\"https:\\\/\\\/www.facebook.com\\\/teambhahokej\"]}]}<\/script>\n<!-- \/ Yoast SEO plugin. -->","yoast_head_json":{"title":"KALHOTY CCM PERF COMPRESSION X TEAMBHA - TEAMBHA","robots":{"index":"index","follow":"follow","max-snippet":"max-snippet:-1","max-image-preview":"max-image-preview:large","max-video-preview":"max-video-preview:-1"},"canonical":"https:\/\/teambha.cz\/en\/product\/kalhoty-ccm-perf-compression-x\/","og_locale":"en_GB","og_type":"article","og_title":"KALHOTY CCM PERF COMPRESSION X TEAMBHA - TEAMBHA","og_description":"VLASTNOSTI: Funk\u010dn\u00ed kompresn\u00ed kalhoty.\u00a0Odoln\u00e9 proti z\u00e1pachu. Odv\u00e1d\u00ed vlhkost.\u00a0Sublimovan\u00e1 n\u00e1\u0161ivka TEAMBHA.  BARVA: \u010cern\u00e1  SLO\u017dEN\u00cd:\u00a085 % polyester \/ 15 % Spandex Tabulka velikost\u00ed CCM","og_url":"https:\/\/teambha.cz\/en\/product\/kalhoty-ccm-perf-compression-x\/","og_site_name":"TEAMBHA","article_publisher":"https:\/\/www.facebook.com\/teambhahokej","article_modified_time":"2026-04-04T07:29:06+00:00","og_image":[{"width":1080,"height":1080,"url":"https:\/\/teambha.cz\/wp-content\/uploads\/2023\/09\/Spodek-nove-logo.webp","type":"image\/webp"}],"twitter_card":"summary_large_image","twitter_misc":{"Estimated reading time":"1 minute"},"schema":{"@context":"https:\/\/schema.org","@graph":[{"@type":"WebPage","@id":"https:\/\/teambha.cz\/en\/product\/kalhoty-ccm-perf-compression-x\/","url":"https:\/\/teambha.cz\/en\/product\/kalhoty-ccm-perf-compression-x\/","name":"KALHOTY CCM PERF COMPRESSION X TEAMBHA - TEAMBHA","isPartOf":{"@id":"https:\/\/teambha.cz\/#website"},"primaryImageOfPage":{"@id":"https:\/\/teambha.cz\/en\/product\/kalhoty-ccm-perf-compression-x\/#primaryimage"},"image":{"@id":"https:\/\/teambha.cz\/en\/product\/kalhoty-ccm-perf-compression-x\/#primaryimage"},"thumbnailUrl":"https:\/\/www.teambha.cz\/wp-content\/uploads\/2023\/09\/Spodek-nove-logo.webp","datePublished":"2023-09-22T15:55:01+00:00","dateModified":"2026-04-04T07:29:06+00:00","breadcrumb":{"@id":"https:\/\/teambha.cz\/en\/product\/kalhoty-ccm-perf-compression-x\/#breadcrumb"},"inLanguage":"en-GB","potentialAction":[{"@type":"ReadAction","target":["https:\/\/teambha.cz\/en\/product\/kalhoty-ccm-perf-compression-x\/"]}]},{"@type":"ImageObject","inLanguage":"en-GB","@id":"https:\/\/teambha.cz\/en\/product\/kalhoty-ccm-perf-compression-x\/#primaryimage","url":"https:\/\/www.teambha.cz\/wp-content\/uploads\/2023\/09\/Spodek-nove-logo.webp","contentUrl":"https:\/\/www.teambha.cz\/wp-content\/uploads\/2023\/09\/Spodek-nove-logo.webp","width":1080,"height":1080},{"@type":"BreadcrumbList","@id":"https:\/\/teambha.cz\/en\/product\/kalhoty-ccm-perf-compression-x\/#breadcrumb","itemListElement":[{"@type":"ListItem","position":1,"name":"Dom\u016f","item":"https:\/\/www.teambha.cz\/"},{"@type":"ListItem","position":2,"name":"Obchod","item":"https:\/\/www.teambha.cz\/obchod\/"},{"@type":"ListItem","position":3,"name":"KALHOTY CCM PERF COMPRESSION X TEAMBHA"}]},{"@type":"WebSite","@id":"https:\/\/teambha.cz\/#website","url":"https:\/\/teambha.cz\/","name":"TEAMBHA","description":"Brank\u00e1\u0159sk\u00e1 hokejov\u00e1 akademie","publisher":{"@id":"https:\/\/teambha.cz\/#organization"},"potentialAction":[{"@type":"SearchAction","target":{"@type":"EntryPoint","urlTemplate":"https:\/\/teambha.cz\/?s={search_term_string}"},"query-input":{"@type":"PropertyValueSpecification","valueRequired":true,"valueName":"search_term_string"}}],"inLanguage":"en-GB"},{"@type":"Organization","@id":"https:\/\/teambha.cz\/#organization","name":"TEAMBHA","url":"https:\/\/teambha.cz\/","logo":{"@type":"ImageObject","inLanguage":"en-GB","@id":"https:\/\/teambha.cz\/#\/schema\/logo\/image\/","url":"https:\/\/teambha.cz\/wp-content\/uploads\/2023\/03\/Logo_teamBHA.svg","contentUrl":"https:\/\/teambha.cz\/wp-content\/uploads\/2023\/03\/Logo_teamBHA.svg","width":161,"height":208,"caption":"TEAMBHA"},"image":{"@id":"https:\/\/teambha.cz\/#\/schema\/logo\/image\/"},"sameAs":["https:\/\/www.facebook.com\/teambhahokej"]}]}},"_links":{"self":[{"href":"https:\/\/www.teambha.cz\/en\/wp-json\/wp\/v2\/product\/656","targetHints":{"allow":["GET"]}}],"collection":[{"href":"https:\/\/www.teambha.cz\/en\/wp-json\/wp\/v2\/product"}],"about":[{"href":"https:\/\/www.teambha.cz\/en\/wp-json\/wp\/v2\/types\/product"}],"wp:featuredmedia":[{"embeddable":true,"href":"https:\/\/www.teambha.cz\/en\/wp-json\/wp\/v2\/media\/7312"}],"wp:attachment":[{"href":"https:\/\/www.teambha.cz\/en\/wp-json\/wp\/v2\/media?parent=656"}],"wp:term":[{"taxonomy":"product_brand","embeddable":true,"href":"https:\/\/www.teambha.cz\/en\/wp-json\/wp\/v2\/product_brand?post=656"},{"taxonomy":"product_cat","embeddable":true,"href":"https:\/\/www.teambha.cz\/en\/wp-json\/wp\/v2\/product_cat?post=656"},{"taxonomy":"product_tag","embeddable":true,"href":"https:\/\/www.teambha.cz\/en\/wp-json\/wp\/v2\/product_tag?post=656"}],"curies":[{"name":"wp","href":"https:\/\/api.w.org\/{rel}","templated":true}]}}