{"id":8038,"date":"2024-03-14T09:11:34","date_gmt":"2024-03-14T08:11:34","guid":{"rendered":"https:\/\/teambha.cz\/?post_type=product&#038;p=8038"},"modified":"2026-04-14T06:06:28","modified_gmt":"2026-04-14T04:06:28","slug":"funkcni-ponozky-teambha","status":"publish","type":"product","link":"https:\/\/www.teambha.cz\/en\/product\/funkcni-ponozky-teambha\/","title":{"rendered":"Funk\u010dn\u00ed sportovn\u00ed pono\u017eky TEAMBHA"},"content":{"rendered":"","protected":false},"excerpt":{"rendered":"<p>\u010cesan\u00e1 bavlna a nejlep\u0161\u00ed funk\u010dn\u00ed materi\u00e1ly. Pono\u017eky maj\u00ed zm\u011bk\u010den\u00e9 chodidlo a \u017eebrovan\u00e9 l\u00fdtko, aby zajistily co nejv\u011bt\u0161\u00ed komfort.<\/p>","protected":false},"featured_media":8048,"template":"","meta":{"_acf_changed":false},"product_brand":[],"product_cat":[19,68],"product_tag":[],"class_list":{"0":"post-8038","1":"product","2":"type-product","3":"status-publish","4":"has-post-thumbnail","6":"product_cat-nezarazene","7":"product_cat-ostatni","9":"first","10":"instock","11":"sale","12":"taxable","13":"shipping-taxable","14":"purchasable","15":"product-type-variable"},"acf":[],"yoast_head":"<!-- This site is optimized with the Yoast SEO plugin v27.4 - https:\/\/yoast.com\/product\/yoast-seo-wordpress\/ -->\n<title>Funk\u010dn\u00ed sportovn\u00ed pono\u017eky TEAMBHA - TEAMBHA<\/title>\n<meta name=\"robots\" content=\"index, follow, max-snippet:-1, max-image-preview:large, max-video-preview:-1\" \/>\n<link rel=\"canonical\" href=\"https:\/\/www.teambha.cz\/en\/product\/funkcni-ponozky-teambha\/\" \/>\n<meta property=\"og:locale\" content=\"en_GB\" \/>\n<meta property=\"og:type\" content=\"article\" \/>\n<meta property=\"og:title\" content=\"Funk\u010dn\u00ed sportovn\u00ed pono\u017eky TEAMBHA - TEAMBHA\" \/>\n<meta property=\"og:description\" content=\"\u010cesan\u00e1 bavlna a nejlep\u0161\u00ed funk\u010dn\u00ed materi\u00e1ly. Pono\u017eky maj\u00ed zm\u011bk\u010den\u00e9 chodidlo a \u017eebrovan\u00e9 l\u00fdtko, aby zajistily co nejv\u011bt\u0161\u00ed komfort.\" \/>\n<meta property=\"og:url\" content=\"https:\/\/www.teambha.cz\/en\/product\/funkcni-ponozky-teambha\/\" \/>\n<meta property=\"og:site_name\" content=\"TEAMBHA\" \/>\n<meta property=\"article:publisher\" content=\"https:\/\/www.facebook.com\/teambhahokej\" \/>\n<meta property=\"article:modified_time\" content=\"2026-04-14T04:06:28+00:00\" \/>\n<meta property=\"og:image\" content=\"https:\/\/www.teambha.cz\/wp-content\/uploads\/2024\/03\/Bez-nazvu-1.webp\" \/>\n\t<meta property=\"og:image:width\" content=\"1080\" \/>\n\t<meta property=\"og:image:height\" content=\"1080\" \/>\n\t<meta property=\"og:image:type\" content=\"image\/webp\" \/>\n<meta name=\"twitter:card\" content=\"summary_large_image\" \/>\n<meta name=\"twitter:label1\" content=\"Estimated reading time\" \/>\n\t<meta name=\"twitter:data1\" content=\"1 minute\" \/>\n<script type=\"application\/ld+json\" class=\"yoast-schema-graph\">{\"@context\":\"https:\\\/\\\/schema.org\",\"@graph\":[{\"@type\":\"WebPage\",\"@id\":\"https:\\\/\\\/www.teambha.cz\\\/produkt\\\/funkcni-ponozky-teambha\\\/\",\"url\":\"https:\\\/\\\/www.teambha.cz\\\/produkt\\\/funkcni-ponozky-teambha\\\/\",\"name\":\"Funk\u010dn\u00ed sportovn\u00ed pono\u017eky TEAMBHA - TEAMBHA\",\"isPartOf\":{\"@id\":\"https:\\\/\\\/teambha.cz\\\/#website\"},\"primaryImageOfPage\":{\"@id\":\"https:\\\/\\\/www.teambha.cz\\\/produkt\\\/funkcni-ponozky-teambha\\\/#primaryimage\"},\"image\":{\"@id\":\"https:\\\/\\\/www.teambha.cz\\\/produkt\\\/funkcni-ponozky-teambha\\\/#primaryimage\"},\"thumbnailUrl\":\"https:\\\/\\\/www.teambha.cz\\\/wp-content\\\/uploads\\\/2024\\\/03\\\/Bez-nazvu-1.webp\",\"datePublished\":\"2024-03-14T08:11:34+00:00\",\"dateModified\":\"2026-04-14T04:06:28+00:00\",\"breadcrumb\":{\"@id\":\"https:\\\/\\\/www.teambha.cz\\\/produkt\\\/funkcni-ponozky-teambha\\\/#breadcrumb\"},\"inLanguage\":\"en-GB\",\"potentialAction\":[{\"@type\":\"ReadAction\",\"target\":[\"https:\\\/\\\/www.teambha.cz\\\/produkt\\\/funkcni-ponozky-teambha\\\/\"]}]},{\"@type\":\"ImageObject\",\"inLanguage\":\"en-GB\",\"@id\":\"https:\\\/\\\/www.teambha.cz\\\/produkt\\\/funkcni-ponozky-teambha\\\/#primaryimage\",\"url\":\"https:\\\/\\\/www.teambha.cz\\\/wp-content\\\/uploads\\\/2024\\\/03\\\/Bez-nazvu-1.webp\",\"contentUrl\":\"https:\\\/\\\/www.teambha.cz\\\/wp-content\\\/uploads\\\/2024\\\/03\\\/Bez-nazvu-1.webp\",\"width\":1080,\"height\":1080},{\"@type\":\"BreadcrumbList\",\"@id\":\"https:\\\/\\\/www.teambha.cz\\\/produkt\\\/funkcni-ponozky-teambha\\\/#breadcrumb\",\"itemListElement\":[{\"@type\":\"ListItem\",\"position\":1,\"name\":\"Dom\u016f\",\"item\":\"https:\\\/\\\/www.teambha.cz\\\/\"},{\"@type\":\"ListItem\",\"position\":2,\"name\":\"Obchod\",\"item\":\"https:\\\/\\\/www.teambha.cz\\\/obchod\\\/\"},{\"@type\":\"ListItem\",\"position\":3,\"name\":\"Funk\u010dn\u00ed sportovn\u00ed pono\u017eky TEAMBHA\"}]},{\"@type\":\"WebSite\",\"@id\":\"https:\\\/\\\/teambha.cz\\\/#website\",\"url\":\"https:\\\/\\\/teambha.cz\\\/\",\"name\":\"TEAMBHA\",\"description\":\"Brank\u00e1\u0159sk\u00e1 hokejov\u00e1 akademie\",\"publisher\":{\"@id\":\"https:\\\/\\\/teambha.cz\\\/#organization\"},\"potentialAction\":[{\"@type\":\"SearchAction\",\"target\":{\"@type\":\"EntryPoint\",\"urlTemplate\":\"https:\\\/\\\/teambha.cz\\\/?s={search_term_string}\"},\"query-input\":{\"@type\":\"PropertyValueSpecification\",\"valueRequired\":true,\"valueName\":\"search_term_string\"}}],\"inLanguage\":\"en-GB\"},{\"@type\":\"Organization\",\"@id\":\"https:\\\/\\\/teambha.cz\\\/#organization\",\"name\":\"TEAMBHA\",\"url\":\"https:\\\/\\\/teambha.cz\\\/\",\"logo\":{\"@type\":\"ImageObject\",\"inLanguage\":\"en-GB\",\"@id\":\"https:\\\/\\\/teambha.cz\\\/#\\\/schema\\\/logo\\\/image\\\/\",\"url\":\"https:\\\/\\\/teambha.cz\\\/wp-content\\\/uploads\\\/2023\\\/03\\\/Logo_teamBHA.svg\",\"contentUrl\":\"https:\\\/\\\/teambha.cz\\\/wp-content\\\/uploads\\\/2023\\\/03\\\/Logo_teamBHA.svg\",\"width\":161,\"height\":208,\"caption\":\"TEAMBHA\"},\"image\":{\"@id\":\"https:\\\/\\\/teambha.cz\\\/#\\\/schema\\\/logo\\\/image\\\/\"},\"sameAs\":[\"https:\\\/\\\/www.facebook.com\\\/teambhahokej\"]}]}<\/script>\n<!-- \/ Yoast SEO plugin. -->","yoast_head_json":{"title":"Funk\u010dn\u00ed sportovn\u00ed pono\u017eky TEAMBHA - TEAMBHA","robots":{"index":"index","follow":"follow","max-snippet":"max-snippet:-1","max-image-preview":"max-image-preview:large","max-video-preview":"max-video-preview:-1"},"canonical":"https:\/\/www.teambha.cz\/en\/product\/funkcni-ponozky-teambha\/","og_locale":"en_GB","og_type":"article","og_title":"Funk\u010dn\u00ed sportovn\u00ed pono\u017eky TEAMBHA - TEAMBHA","og_description":"\u010cesan\u00e1 bavlna a nejlep\u0161\u00ed funk\u010dn\u00ed materi\u00e1ly. Pono\u017eky maj\u00ed zm\u011bk\u010den\u00e9 chodidlo a \u017eebrovan\u00e9 l\u00fdtko, aby zajistily co nejv\u011bt\u0161\u00ed komfort.","og_url":"https:\/\/www.teambha.cz\/en\/product\/funkcni-ponozky-teambha\/","og_site_name":"TEAMBHA","article_publisher":"https:\/\/www.facebook.com\/teambhahokej","article_modified_time":"2026-04-14T04:06:28+00:00","og_image":[{"width":1080,"height":1080,"url":"https:\/\/www.teambha.cz\/wp-content\/uploads\/2024\/03\/Bez-nazvu-1.webp","type":"image\/webp"}],"twitter_card":"summary_large_image","twitter_misc":{"Estimated reading time":"1 minute"},"schema":{"@context":"https:\/\/schema.org","@graph":[{"@type":"WebPage","@id":"https:\/\/www.teambha.cz\/produkt\/funkcni-ponozky-teambha\/","url":"https:\/\/www.teambha.cz\/produkt\/funkcni-ponozky-teambha\/","name":"Funk\u010dn\u00ed sportovn\u00ed pono\u017eky TEAMBHA - TEAMBHA","isPartOf":{"@id":"https:\/\/teambha.cz\/#website"},"primaryImageOfPage":{"@id":"https:\/\/www.teambha.cz\/produkt\/funkcni-ponozky-teambha\/#primaryimage"},"image":{"@id":"https:\/\/www.teambha.cz\/produkt\/funkcni-ponozky-teambha\/#primaryimage"},"thumbnailUrl":"https:\/\/www.teambha.cz\/wp-content\/uploads\/2024\/03\/Bez-nazvu-1.webp","datePublished":"2024-03-14T08:11:34+00:00","dateModified":"2026-04-14T04:06:28+00:00","breadcrumb":{"@id":"https:\/\/www.teambha.cz\/produkt\/funkcni-ponozky-teambha\/#breadcrumb"},"inLanguage":"en-GB","potentialAction":[{"@type":"ReadAction","target":["https:\/\/www.teambha.cz\/produkt\/funkcni-ponozky-teambha\/"]}]},{"@type":"ImageObject","inLanguage":"en-GB","@id":"https:\/\/www.teambha.cz\/produkt\/funkcni-ponozky-teambha\/#primaryimage","url":"https:\/\/www.teambha.cz\/wp-content\/uploads\/2024\/03\/Bez-nazvu-1.webp","contentUrl":"https:\/\/www.teambha.cz\/wp-content\/uploads\/2024\/03\/Bez-nazvu-1.webp","width":1080,"height":1080},{"@type":"BreadcrumbList","@id":"https:\/\/www.teambha.cz\/produkt\/funkcni-ponozky-teambha\/#breadcrumb","itemListElement":[{"@type":"ListItem","position":1,"name":"Dom\u016f","item":"https:\/\/www.teambha.cz\/"},{"@type":"ListItem","position":2,"name":"Obchod","item":"https:\/\/www.teambha.cz\/obchod\/"},{"@type":"ListItem","position":3,"name":"Funk\u010dn\u00ed sportovn\u00ed pono\u017eky TEAMBHA"}]},{"@type":"WebSite","@id":"https:\/\/teambha.cz\/#website","url":"https:\/\/teambha.cz\/","name":"TEAMBHA","description":"Brank\u00e1\u0159sk\u00e1 hokejov\u00e1 akademie","publisher":{"@id":"https:\/\/teambha.cz\/#organization"},"potentialAction":[{"@type":"SearchAction","target":{"@type":"EntryPoint","urlTemplate":"https:\/\/teambha.cz\/?s={search_term_string}"},"query-input":{"@type":"PropertyValueSpecification","valueRequired":true,"valueName":"search_term_string"}}],"inLanguage":"en-GB"},{"@type":"Organization","@id":"https:\/\/teambha.cz\/#organization","name":"TEAMBHA","url":"https:\/\/teambha.cz\/","logo":{"@type":"ImageObject","inLanguage":"en-GB","@id":"https:\/\/teambha.cz\/#\/schema\/logo\/image\/","url":"https:\/\/teambha.cz\/wp-content\/uploads\/2023\/03\/Logo_teamBHA.svg","contentUrl":"https:\/\/teambha.cz\/wp-content\/uploads\/2023\/03\/Logo_teamBHA.svg","width":161,"height":208,"caption":"TEAMBHA"},"image":{"@id":"https:\/\/teambha.cz\/#\/schema\/logo\/image\/"},"sameAs":["https:\/\/www.facebook.com\/teambhahokej"]}]}},"_links":{"self":[{"href":"https:\/\/www.teambha.cz\/en\/wp-json\/wp\/v2\/product\/8038","targetHints":{"allow":["GET"]}}],"collection":[{"href":"https:\/\/www.teambha.cz\/en\/wp-json\/wp\/v2\/product"}],"about":[{"href":"https:\/\/www.teambha.cz\/en\/wp-json\/wp\/v2\/types\/product"}],"wp:featuredmedia":[{"embeddable":true,"href":"https:\/\/www.teambha.cz\/en\/wp-json\/wp\/v2\/media\/8048"}],"wp:attachment":[{"href":"https:\/\/www.teambha.cz\/en\/wp-json\/wp\/v2\/media?parent=8038"}],"wp:term":[{"taxonomy":"product_brand","embeddable":true,"href":"https:\/\/www.teambha.cz\/en\/wp-json\/wp\/v2\/product_brand?post=8038"},{"taxonomy":"product_cat","embeddable":true,"href":"https:\/\/www.teambha.cz\/en\/wp-json\/wp\/v2\/product_cat?post=8038"},{"taxonomy":"product_tag","embeddable":true,"href":"https:\/\/www.teambha.cz\/en\/wp-json\/wp\/v2\/product_tag?post=8038"}],"curies":[{"name":"wp","href":"https:\/\/api.w.org\/{rel}","templated":true}]}}