{"id":9741,"date":"2024-07-25T12:31:29","date_gmt":"2024-07-25T10:31:29","guid":{"rendered":"https:\/\/teambha.cz\/?post_type=product&#038;p=9741"},"modified":"2026-01-05T11:59:08","modified_gmt":"2026-01-05T10:59:08","slug":"micky-pro-teambha-blocker-training","status":"publish","type":"product","link":"https:\/\/www.teambha.cz\/en\/product\/micky-pro-teambha-blocker-training\/","title":{"rendered":"Extra m\u00ed\u010dky pro TEAMBHA BLOCKER TRAINING"},"content":{"rendered":"","protected":false},"excerpt":{"rendered":"<p>4 n\u00e1hradn\u00ed m\u00ed\u010dky pro tr\u00e9ninkovou pom\u016fcku TEAMBHA BLOCKER TRAINING.<\/p>\n<p>M\u00ed\u010dky m\u016f\u017eou zakoupit pouze dr\u017eitel\u00e9 TEAMBHA BLOCKER TRAINING!<\/p>","protected":false},"featured_media":9687,"template":"","meta":{"_acf_changed":false},"product_brand":[],"product_cat":[19],"product_tag":[],"class_list":{"0":"post-9741","1":"product","2":"type-product","3":"status-publish","4":"has-post-thumbnail","6":"product_cat-nezarazene","8":"first","9":"instock","10":"sale","11":"taxable","12":"shipping-taxable","13":"purchasable","14":"product-type-simple"},"acf":[],"yoast_head":"<!-- This site is optimized with the Yoast SEO plugin v27.4 - https:\/\/yoast.com\/product\/yoast-seo-wordpress\/ -->\n<title>Extra m\u00ed\u010dky pro TEAMBHA BLOCKER TRAINING - TEAMBHA<\/title>\n<meta name=\"robots\" content=\"index, follow, max-snippet:-1, max-image-preview:large, max-video-preview:-1\" \/>\n<link rel=\"canonical\" href=\"https:\/\/teambha.cz\/en\/product\/micky-pro-teambha-blocker-training\/\" \/>\n<meta property=\"og:locale\" content=\"en_GB\" \/>\n<meta property=\"og:type\" content=\"article\" \/>\n<meta property=\"og:title\" content=\"Extra m\u00ed\u010dky pro TEAMBHA BLOCKER TRAINING - TEAMBHA\" \/>\n<meta property=\"og:description\" content=\"4 n\u00e1hradn\u00ed m\u00ed\u010dky pro tr\u00e9ninkovou pom\u016fcku TEAMBHA BLOCKER TRAINING.  M\u00ed\u010dky m\u016f\u017eou zakoupit pouze dr\u017eitel\u00e9 TEAMBHA BLOCKER TRAINING!\" \/>\n<meta property=\"og:url\" content=\"https:\/\/teambha.cz\/en\/product\/micky-pro-teambha-blocker-training\/\" \/>\n<meta property=\"og:site_name\" content=\"TEAMBHA\" \/>\n<meta property=\"article:publisher\" content=\"https:\/\/www.facebook.com\/teambhahokej\" \/>\n<meta property=\"article:modified_time\" content=\"2026-01-05T10:59:08+00:00\" \/>\n<meta property=\"og:image\" content=\"https:\/\/teambha.cz\/wp-content\/uploads\/2024\/06\/Micky.webp\" \/>\n\t<meta property=\"og:image:width\" content=\"1000\" \/>\n\t<meta property=\"og:image:height\" content=\"1000\" \/>\n\t<meta property=\"og:image:type\" content=\"image\/webp\" \/>\n<meta name=\"twitter:card\" content=\"summary_large_image\" \/>\n<meta name=\"twitter:label1\" content=\"Estimated reading time\" \/>\n\t<meta name=\"twitter:data1\" content=\"1 minute\" \/>\n<script type=\"application\/ld+json\" class=\"yoast-schema-graph\">{\"@context\":\"https:\\\/\\\/schema.org\",\"@graph\":[{\"@type\":\"WebPage\",\"@id\":\"https:\\\/\\\/teambha.cz\\\/en\\\/product\\\/micky-pro-teambha-blocker-training\\\/\",\"url\":\"https:\\\/\\\/teambha.cz\\\/en\\\/product\\\/micky-pro-teambha-blocker-training\\\/\",\"name\":\"Extra m\u00ed\u010dky pro TEAMBHA BLOCKER TRAINING - TEAMBHA\",\"isPartOf\":{\"@id\":\"https:\\\/\\\/teambha.cz\\\/#website\"},\"primaryImageOfPage\":{\"@id\":\"https:\\\/\\\/teambha.cz\\\/en\\\/product\\\/micky-pro-teambha-blocker-training\\\/#primaryimage\"},\"image\":{\"@id\":\"https:\\\/\\\/teambha.cz\\\/en\\\/product\\\/micky-pro-teambha-blocker-training\\\/#primaryimage\"},\"thumbnailUrl\":\"https:\\\/\\\/www.teambha.cz\\\/wp-content\\\/uploads\\\/2024\\\/06\\\/Micky.webp\",\"datePublished\":\"2024-07-25T10:31:29+00:00\",\"dateModified\":\"2026-01-05T10:59:08+00:00\",\"breadcrumb\":{\"@id\":\"https:\\\/\\\/teambha.cz\\\/en\\\/product\\\/micky-pro-teambha-blocker-training\\\/#breadcrumb\"},\"inLanguage\":\"en-GB\",\"potentialAction\":[{\"@type\":\"ReadAction\",\"target\":[\"https:\\\/\\\/teambha.cz\\\/en\\\/product\\\/micky-pro-teambha-blocker-training\\\/\"]}]},{\"@type\":\"ImageObject\",\"inLanguage\":\"en-GB\",\"@id\":\"https:\\\/\\\/teambha.cz\\\/en\\\/product\\\/micky-pro-teambha-blocker-training\\\/#primaryimage\",\"url\":\"https:\\\/\\\/www.teambha.cz\\\/wp-content\\\/uploads\\\/2024\\\/06\\\/Micky.webp\",\"contentUrl\":\"https:\\\/\\\/www.teambha.cz\\\/wp-content\\\/uploads\\\/2024\\\/06\\\/Micky.webp\",\"width\":1000,\"height\":1000},{\"@type\":\"BreadcrumbList\",\"@id\":\"https:\\\/\\\/teambha.cz\\\/en\\\/product\\\/micky-pro-teambha-blocker-training\\\/#breadcrumb\",\"itemListElement\":[{\"@type\":\"ListItem\",\"position\":1,\"name\":\"Dom\u016f\",\"item\":\"https:\\\/\\\/www.teambha.cz\\\/\"},{\"@type\":\"ListItem\",\"position\":2,\"name\":\"Obchod\",\"item\":\"https:\\\/\\\/www.teambha.cz\\\/obchod\\\/\"},{\"@type\":\"ListItem\",\"position\":3,\"name\":\"Extra m\u00ed\u010dky pro TEAMBHA BLOCKER TRAINING\"}]},{\"@type\":\"WebSite\",\"@id\":\"https:\\\/\\\/teambha.cz\\\/#website\",\"url\":\"https:\\\/\\\/teambha.cz\\\/\",\"name\":\"TEAMBHA\",\"description\":\"Brank\u00e1\u0159sk\u00e1 hokejov\u00e1 akademie\",\"publisher\":{\"@id\":\"https:\\\/\\\/teambha.cz\\\/#organization\"},\"potentialAction\":[{\"@type\":\"SearchAction\",\"target\":{\"@type\":\"EntryPoint\",\"urlTemplate\":\"https:\\\/\\\/teambha.cz\\\/?s={search_term_string}\"},\"query-input\":{\"@type\":\"PropertyValueSpecification\",\"valueRequired\":true,\"valueName\":\"search_term_string\"}}],\"inLanguage\":\"en-GB\"},{\"@type\":\"Organization\",\"@id\":\"https:\\\/\\\/teambha.cz\\\/#organization\",\"name\":\"TEAMBHA\",\"url\":\"https:\\\/\\\/teambha.cz\\\/\",\"logo\":{\"@type\":\"ImageObject\",\"inLanguage\":\"en-GB\",\"@id\":\"https:\\\/\\\/teambha.cz\\\/#\\\/schema\\\/logo\\\/image\\\/\",\"url\":\"https:\\\/\\\/teambha.cz\\\/wp-content\\\/uploads\\\/2023\\\/03\\\/Logo_teamBHA.svg\",\"contentUrl\":\"https:\\\/\\\/teambha.cz\\\/wp-content\\\/uploads\\\/2023\\\/03\\\/Logo_teamBHA.svg\",\"width\":161,\"height\":208,\"caption\":\"TEAMBHA\"},\"image\":{\"@id\":\"https:\\\/\\\/teambha.cz\\\/#\\\/schema\\\/logo\\\/image\\\/\"},\"sameAs\":[\"https:\\\/\\\/www.facebook.com\\\/teambhahokej\"]}]}<\/script>\n<!-- \/ Yoast SEO plugin. -->","yoast_head_json":{"title":"Extra m\u00ed\u010dky pro TEAMBHA BLOCKER TRAINING - TEAMBHA","robots":{"index":"index","follow":"follow","max-snippet":"max-snippet:-1","max-image-preview":"max-image-preview:large","max-video-preview":"max-video-preview:-1"},"canonical":"https:\/\/teambha.cz\/en\/product\/micky-pro-teambha-blocker-training\/","og_locale":"en_GB","og_type":"article","og_title":"Extra m\u00ed\u010dky pro TEAMBHA BLOCKER TRAINING - TEAMBHA","og_description":"4 n\u00e1hradn\u00ed m\u00ed\u010dky pro tr\u00e9ninkovou pom\u016fcku TEAMBHA BLOCKER TRAINING.  M\u00ed\u010dky m\u016f\u017eou zakoupit pouze dr\u017eitel\u00e9 TEAMBHA BLOCKER TRAINING!","og_url":"https:\/\/teambha.cz\/en\/product\/micky-pro-teambha-blocker-training\/","og_site_name":"TEAMBHA","article_publisher":"https:\/\/www.facebook.com\/teambhahokej","article_modified_time":"2026-01-05T10:59:08+00:00","og_image":[{"width":1000,"height":1000,"url":"https:\/\/teambha.cz\/wp-content\/uploads\/2024\/06\/Micky.webp","type":"image\/webp"}],"twitter_card":"summary_large_image","twitter_misc":{"Estimated reading time":"1 minute"},"schema":{"@context":"https:\/\/schema.org","@graph":[{"@type":"WebPage","@id":"https:\/\/teambha.cz\/en\/product\/micky-pro-teambha-blocker-training\/","url":"https:\/\/teambha.cz\/en\/product\/micky-pro-teambha-blocker-training\/","name":"Extra m\u00ed\u010dky pro TEAMBHA BLOCKER TRAINING - TEAMBHA","isPartOf":{"@id":"https:\/\/teambha.cz\/#website"},"primaryImageOfPage":{"@id":"https:\/\/teambha.cz\/en\/product\/micky-pro-teambha-blocker-training\/#primaryimage"},"image":{"@id":"https:\/\/teambha.cz\/en\/product\/micky-pro-teambha-blocker-training\/#primaryimage"},"thumbnailUrl":"https:\/\/www.teambha.cz\/wp-content\/uploads\/2024\/06\/Micky.webp","datePublished":"2024-07-25T10:31:29+00:00","dateModified":"2026-01-05T10:59:08+00:00","breadcrumb":{"@id":"https:\/\/teambha.cz\/en\/product\/micky-pro-teambha-blocker-training\/#breadcrumb"},"inLanguage":"en-GB","potentialAction":[{"@type":"ReadAction","target":["https:\/\/teambha.cz\/en\/product\/micky-pro-teambha-blocker-training\/"]}]},{"@type":"ImageObject","inLanguage":"en-GB","@id":"https:\/\/teambha.cz\/en\/product\/micky-pro-teambha-blocker-training\/#primaryimage","url":"https:\/\/www.teambha.cz\/wp-content\/uploads\/2024\/06\/Micky.webp","contentUrl":"https:\/\/www.teambha.cz\/wp-content\/uploads\/2024\/06\/Micky.webp","width":1000,"height":1000},{"@type":"BreadcrumbList","@id":"https:\/\/teambha.cz\/en\/product\/micky-pro-teambha-blocker-training\/#breadcrumb","itemListElement":[{"@type":"ListItem","position":1,"name":"Dom\u016f","item":"https:\/\/www.teambha.cz\/"},{"@type":"ListItem","position":2,"name":"Obchod","item":"https:\/\/www.teambha.cz\/obchod\/"},{"@type":"ListItem","position":3,"name":"Extra m\u00ed\u010dky pro TEAMBHA BLOCKER TRAINING"}]},{"@type":"WebSite","@id":"https:\/\/teambha.cz\/#website","url":"https:\/\/teambha.cz\/","name":"TEAMBHA","description":"Brank\u00e1\u0159sk\u00e1 hokejov\u00e1 akademie","publisher":{"@id":"https:\/\/teambha.cz\/#organization"},"potentialAction":[{"@type":"SearchAction","target":{"@type":"EntryPoint","urlTemplate":"https:\/\/teambha.cz\/?s={search_term_string}"},"query-input":{"@type":"PropertyValueSpecification","valueRequired":true,"valueName":"search_term_string"}}],"inLanguage":"en-GB"},{"@type":"Organization","@id":"https:\/\/teambha.cz\/#organization","name":"TEAMBHA","url":"https:\/\/teambha.cz\/","logo":{"@type":"ImageObject","inLanguage":"en-GB","@id":"https:\/\/teambha.cz\/#\/schema\/logo\/image\/","url":"https:\/\/teambha.cz\/wp-content\/uploads\/2023\/03\/Logo_teamBHA.svg","contentUrl":"https:\/\/teambha.cz\/wp-content\/uploads\/2023\/03\/Logo_teamBHA.svg","width":161,"height":208,"caption":"TEAMBHA"},"image":{"@id":"https:\/\/teambha.cz\/#\/schema\/logo\/image\/"},"sameAs":["https:\/\/www.facebook.com\/teambhahokej"]}]}},"_links":{"self":[{"href":"https:\/\/www.teambha.cz\/en\/wp-json\/wp\/v2\/product\/9741","targetHints":{"allow":["GET"]}}],"collection":[{"href":"https:\/\/www.teambha.cz\/en\/wp-json\/wp\/v2\/product"}],"about":[{"href":"https:\/\/www.teambha.cz\/en\/wp-json\/wp\/v2\/types\/product"}],"wp:featuredmedia":[{"embeddable":true,"href":"https:\/\/www.teambha.cz\/en\/wp-json\/wp\/v2\/media\/9687"}],"wp:attachment":[{"href":"https:\/\/www.teambha.cz\/en\/wp-json\/wp\/v2\/media?parent=9741"}],"wp:term":[{"taxonomy":"product_brand","embeddable":true,"href":"https:\/\/www.teambha.cz\/en\/wp-json\/wp\/v2\/product_brand?post=9741"},{"taxonomy":"product_cat","embeddable":true,"href":"https:\/\/www.teambha.cz\/en\/wp-json\/wp\/v2\/product_cat?post=9741"},{"taxonomy":"product_tag","embeddable":true,"href":"https:\/\/www.teambha.cz\/en\/wp-json\/wp\/v2\/product_tag?post=9741"}],"curies":[{"name":"wp","href":"https:\/\/api.w.org\/{rel}","templated":true}]}}